{"id":9941,"date":"2026-04-08T12:40:34","date_gmt":"2026-04-08T10:40:34","guid":{"rendered":"https:\/\/mabelcapital.com\/legal-notice\/"},"modified":"2026-04-08T12:44:05","modified_gmt":"2026-04-08T10:44:05","slug":"aviso-legal","status":"publish","type":"page","link":"https:\/\/mabelcapital.com\/es\/aviso-legal\/","title":{"rendered":"Aviso Legal"},"content":{"rendered":"<section class=\"l-section wpb_row height_auto\"><div class=\"l-section-h i-cf\"><div class=\"g-cols vc_row via_grid cols_1 laptops-cols_inherit tablets-cols_inherit mobiles-cols_1 valign_top type_default stacking_default\"><div class=\"wpb_column vc_column_container\"><div class=\"vc_column-inner\"><div class=\"w-separator size_large\"><\/div><h1 class=\"w-text us_custom_793a1586 has_text_color\"><span class=\"w-text-h\"><span class=\"w-text-value\">Aviso Legal<\/span><\/span><\/h1><div class=\"wpb_text_column us_custom_c1775dec has_text_color\"><div class=\"wpb_wrapper\"><p>Con la finalidad de dar cumplimiento al art\u00edculo 10 de la Ley 34\/2002 de Servicios de la Sociedad de la Informaci\u00f3n y Comercio Electr\u00f3nico, informamos al usuario de nuestros datos:<\/p>\n<h2>Datos identificativos<\/h2>\n<table border=\"1\" cellspacing=\"0\" cellpadding=\"8\">\n<tbody>\n<tr>\n<td><strong>Denominaci\u00f3n Social<\/strong><\/td>\n<td>Family Office, S.L.<\/td>\n<\/tr>\n<tr>\n<td><strong>NIF<\/strong><\/td>\n<td>B85639417<\/td>\n<\/tr>\n<tr>\n<td><strong>Domicilio Social<\/strong><\/td>\n<td>Calle Ayala, 3, 28001, Madrid<\/td>\n<\/tr>\n<tr>\n<td><strong>Tel\u00e9fono<\/strong><\/td>\n<td>917 629 297<\/td>\n<\/tr>\n<tr>\n<td><strong>Correo electr\u00f3nico<\/strong><\/td>\n<td><a href=\"mailto:ppdd@mabelcapital.com\">ppdd@mabelcapital.com<\/a><\/td>\n<\/tr>\n<\/tbody>\n<\/table>\n<h2>Datos de inscripci\u00f3n en el Registro Mercantil<\/h2>\n<p>Sociedad inscrita en el Registro Mercantil de Madrid a la Hoja M-851219, folio electr\u00f3nico, inscripci\u00f3n 1.<\/p>\n<h2>1. Introducci\u00f3n.<\/h2>\n<p>Los presentes <strong>T\u00c9RMINOS Y CONDICIONES DE USO DEL SITIO WEB<\/strong> regulan los t\u00e9rminos y condiciones de acceso y uso de <a href=\"https:\/\/mabelcapital.com\/es\/\" target=\"_blank\" rel=\"noopener\">Mabel Capital<\/a> (en adelante, el Sitio Web), propiedad de Family Office, S.L., con domicilio en calle Ayala, 3, 28001, Madrid, y con NIF B85639417, que el usuario del Sitio Web deber\u00e1 leer y aceptar para usar todos los servicios e informaci\u00f3n que se facilitan desde el Sitio Web.<\/p>\n<p>El usuario, as\u00ed como Family Office, S.L., propietaria del Sitio Web, podr\u00e1n ser denominados conjuntamente como <strong>las partes<\/strong>.<\/p>\n<p>El mero acceso o utilizaci\u00f3n del Sitio Web, de todos o parte de sus contenidos y servicios, significa la plena aceptaci\u00f3n de las presentes condiciones de uso. La puesta a disposici\u00f3n y el uso del Sitio Web se entiende sometida al estricto cumplimiento de los t\u00e9rminos recogidos en las presentes condiciones de uso del Sitio Web.<\/p>\n<h2>2. T\u00e9rminos y condiciones de uso.<\/h2>\n<p>Los presentes t\u00e9rminos y condiciones de uso del Sitio Web \u2014en adelante, <strong>T\u00c9RMINOS Y CONDICIONES DE USO DEL SITIO WEB<\/strong>\u2014 regulan el acceso y la utilizaci\u00f3n del Sitio Web, incluyendo los contenidos y los servicios puestos a disposici\u00f3n de los usuarios en y\/o a trav\u00e9s del Sitio Web, bien por Family Office, S.L., bien por sus usuarios o por cualquier tercero. No obstante, el acceso y la utilizaci\u00f3n de ciertos contenidos y\/o servicios pueden encontrarse sometidos a determinadas condiciones espec\u00edficas.<\/p>\n<h2>3. Modificaciones.<\/h2>\n<p>Family Office, S.L. se reserva la facultad de modificar en cualquier momento los presentes t\u00e9rminos y condiciones de uso del sitio web. En todo caso, se recomienda consultarlas peri\u00f3dicamente, ya que pueden ser modificadas.<\/p>\n<h2>4. Informaci\u00f3n y servicios.<\/h2>\n<p>Los usuarios pueden acceder a trav\u00e9s del Sitio Web a diferente tipo de informaci\u00f3n y servicios. Family Office, S.L. se reserva la facultad de modificar, en cualquier momento y sin aviso previo, la presentaci\u00f3n y configuraci\u00f3n de la informaci\u00f3n y servicios ofrecidos desde el Sitio Web. El usuario reconoce y acepta expresamente que en cualquier momento Family Office, S.L. pueda interrumpir, desactivar y\/o cancelar cualquier informaci\u00f3n o servicio.<\/p>\n<p>Family Office, S.L. realizar\u00e1 sus mejores esfuerzos para intentar garantizar la disponibilidad y accesibilidad a la web. No obstante, en ocasiones, por razones de mantenimiento, actualizaci\u00f3n, cambio de ubicaci\u00f3n, etc., podr\u00e1 producirse la interrupci\u00f3n del acceso al Sitio Web.<\/p>\n<h2>5. Disponibilidad de la informaci\u00f3n y servicios del sitio web.<\/h2>\n<p>Family Office, S.L. no garantiza la disponibilidad continua y permanente de los servicios, quedando de este modo exonerado de cualquier responsabilidad por posibles da\u00f1os y perjuicios causados como consecuencia de la falta de disponibilidad del servicio por motivos de fuerza mayor o errores en las redes telem\u00e1ticas de transferencia de datos, ajenos a su voluntad, o por desconexiones realizadas por trabajos de mejora o mantenimiento de los equipos y sistemas inform\u00e1ticos.<\/p>\n<p>En estos casos, Family Office, S.L. har\u00e1 sus mejores esfuerzos por devolver los servicios a su plena disponibilidad, as\u00ed como para notificar sobre la posible falta de disponibilidad de los mismos.<\/p>\n<p>Family Office, S.L. no ser\u00e1 responsable por la interrupci\u00f3n, suspensi\u00f3n o finalizaci\u00f3n de la informaci\u00f3n o servicios. Asimismo, no se responsabiliza de las posibles omisiones, p\u00e9rdidas de informaci\u00f3n, datos, configuraciones, accesos indebidos o vulneraci\u00f3n de la confidencialidad que tengan origen en problemas t\u00e9cnicos, de comunicaciones u omisiones humanas, causadas por terceros o no imputables a Family Office, S.L. Tampoco responder\u00e1 de los da\u00f1os producidos por ataques inform\u00e1ticos o causados por virus que afecten a programas inform\u00e1ticos, sistemas de comunicaciones o equipos utilizados por Family Office, S.L., pero fabricados o facilitados por un tercero.<\/p>\n<p>Family Office, S.L. podr\u00e1, a su sola discreci\u00f3n, denegar, retirar, suspender y\/o bloquear en cualquier momento y sin necesidad de previo aviso el acceso a la informaci\u00f3n y servicios a aquellos usuarios que incumplan las presentes normas.<\/p>\n<h2>6. Responsabilidad del sitio web.<\/h2>\n<p>Exceptuando los casos que la Ley imponga expresamente lo contrario, y exclusivamente con la medida y extensi\u00f3n en que lo imponga, Family Office, S.L. no garantiza ni asume responsabilidad alguna respecto a los posibles da\u00f1os y perjuicios causados por el uso y utilizaci\u00f3n de la informaci\u00f3n, datos y servicios del Sitio Web.<\/p>\n<p>En todo caso, Family Office, S.L. queda excluida de cualquier responsabilidad por los da\u00f1os y perjuicios que puedan deberse a la informaci\u00f3n y\/o servicios prestados o suministrados por terceros diferentes de Family Office, S.L. Toda responsabilidad ser\u00e1 del tercero, ya sea proveedor o colaborador.<\/p>\n<h2>7. Obligaciones del usuario.<\/h2>\n<p>El usuario deber\u00e1 respetar en todo momento los presentes t\u00e9rminos y condiciones de uso del sitio web. De forma expresa, el usuario manifiesta que utilizar\u00e1 el Sitio Web de forma diligente y asumiendo cualquier responsabilidad que pudiera derivarse del incumplimiento de las normas.<\/p>\n<p>El usuario se obliga, en aquellos casos en que se le soliciten datos o informaci\u00f3n, a no falsear su identidad haci\u00e9ndose pasar por cualquier otra persona.<\/p>\n<p>El usuario acepta que la utilizaci\u00f3n del Sitio Web ser\u00e1 efectuada con fines estrictamente personales, privados y particulares. El usuario no podr\u00e1 utilizar el Sitio Web para actividades contrarias a la Ley, la moral y el orden p\u00fablico, as\u00ed como para finalidades prohibidas o que vulneren o lesionen derechos de terceros.<\/p>\n<p>Asimismo, queda prohibida la difusi\u00f3n, almacenamiento y\/o gesti\u00f3n de datos o contenidos que infrinjan derechos de terceros o cualesquiera normativas reguladoras de derechos de propiedad intelectual o industrial.<\/p>\n<p>El usuario no podr\u00e1 utilizar el Sitio Web para transmitir, almacenar, divulgar, promover o distribuir datos o contenidos que sean portadores de virus o cualquier otro c\u00f3digo inform\u00e1tico, archivos o programas dise\u00f1ados para interrumpir, destruir o perjudicar el funcionamiento de cualquier programa o equipo inform\u00e1tico o de telecomunicaciones.<\/p>\n<p>El usuario se obliga a indemnizar y a mantener indemne a Family Office, S.L. por cualquier da\u00f1o, perjuicio, sanci\u00f3n, multa, pena o indemnizaci\u00f3n que tenga que hacer frente Family Office, S.L. como consecuencia del incumplimiento por parte del usuario de las obligaciones contenidas en el presente documento.<\/p>\n<h2>8. Datos de car\u00e1cter personal.<\/h2>\n<p>La informaci\u00f3n o datos personales que facilite el usuario ser\u00e1n tratados con arreglo a lo establecido en la <a href=\"https:\/\/mabelcapital.com\/es\/politica-privacidad\/\">Pol\u00edtica de Privacidad<\/a> incluida en este Sitio Web.<\/p>\n<h2>9. Enlaces a otros sitios web.<\/h2>\n<p>Family Office, S.L. no garantiza ni asume ning\u00fan tipo de responsabilidad por los da\u00f1os y perjuicios sufridos por el acceso a servicios de terceros a trav\u00e9s de conexiones, v\u00ednculos o links de los sitios enlazados, ni sobre la exactitud o fiabilidad de los mismos.<\/p>\n<p>La funci\u00f3n de los enlaces que aparecen es exclusivamente la de informar al cliente sobre la existencia de otras fuentes de informaci\u00f3n en Internet, donde podr\u00e1 ampliar los servicios ofrecidos por el Portal. Family Office, S.L. no ser\u00e1 en ning\u00fan caso responsable del resultado obtenido a trav\u00e9s de dichos enlaces o de las consecuencias que se deriven del acceso por los clientes a los mismos.<\/p>\n<p>Estos servicios de terceros son proporcionados por \u00e9stos, por lo que Family Office, S.L. no puede controlar ni controla la licitud de los servicios ni su calidad. En consecuencia, el cliente debe extremar la prudencia en la valoraci\u00f3n y utilizaci\u00f3n de la informaci\u00f3n y servicios existentes en los contenidos de terceros.<\/p>\n<h2>10. Propiedad intelectual e industrial.<\/h2>\n<p>Todos los contenidos, marcas, logos, dibujos, documentaci\u00f3n, programas inform\u00e1ticos o cualquier otro elemento susceptible de protecci\u00f3n por la legislaci\u00f3n de propiedad intelectual o industrial, que sean accesibles en el Sitio Web, corresponden exclusivamente a Family Office, S.L. o a sus leg\u00edtimos titulares, y quedan expresamente reservados todos los derechos sobre los mismos.<\/p>\n<p>Queda expresamente prohibida la creaci\u00f3n de enlaces de hipertexto (links) a cualquier elemento integrante del Sitio Web sin la autorizaci\u00f3n de Family Office, S.L., siempre que no sean a un apartado del Sitio Web que no requiera identificaci\u00f3n o autenticaci\u00f3n para su acceso, o que el mismo est\u00e9 restringido.<\/p>\n<p>En cualquier caso, Family Office, S.L. se reserva todos los derechos sobre los contenidos, informaci\u00f3n, datos y servicios que ostente sobre los mismos. Family Office, S.L. no concede ninguna licencia o autorizaci\u00f3n de uso al usuario sobre sus contenidos, datos o servicios, distinta de la que expresamente se detalle en los presentes t\u00e9rminos y condiciones de uso del sitio web.<\/p>\n<h2>11. Legislaci\u00f3n aplicable, jurisdicci\u00f3n competente y notificaciones.<\/h2>\n<p>Los presentes t\u00e9rminos y condiciones de uso del sitio web se rigen y se interpretan de acuerdo con las leyes de Espa\u00f1a. Para cualquier reclamaci\u00f3n ser\u00e1n competentes los juzgados y tribunales del territorio espa\u00f1ol.<\/p>\n<p>Todas las notificaciones, requerimientos, peticiones y otras comunicaciones que el usuario desee efectuar a Family Office, S.L., titular del presente Sitio Web, deber\u00e1n realizarse por escrito y se entender\u00e1 que han sido correctamente realizadas cuando hayan sido recibidas en la siguiente direcci\u00f3n: <a href=\"mailto:ppdd@mabelcapital.com\">ppdd@mabelcapital.com<\/a>.<\/p>\n<\/div><\/div><\/div><\/div><\/div><\/div><\/section>\n","protected":false},"excerpt":{"rendered":"Aviso LegalCon la finalidad de dar cumplimiento al art\u00edculo 10 de la Ley 34\/2002 de Servicios de la Sociedad de la Informaci\u00f3n y Comercio Electr\u00f3nico, informamos al usuario de nuestros datos: Datos identificativos Denominaci\u00f3n Social Family Office, S.L. NIF B85639417 Domicilio Social Calle Ayala, 3, 28001, Madrid Tel\u00e9fono 917 629 297 Correo electr\u00f3nico ppdd@mabelcapital.com Datos...","protected":false},"author":1,"featured_media":0,"parent":0,"menu_order":0,"comment_status":"closed","ping_status":"closed","template":"","meta":{"_acf_changed":false,"footnotes":""},"class_list":["post-9941","page","type-page","status-publish","hentry"],"acf":[],"yoast_head":"<!-- This site is optimized with the Yoast SEO plugin v27.2 - https:\/\/yoast.com\/product\/yoast-seo-wordpress\/ -->\n<title>Aviso Legal | Mabel Capital<\/title>\n<meta name=\"description\" content=\"Consulta el Aviso Legal de Mabel Capital y conoce la informaci\u00f3n sobre el uso de nuestra web, t\u00e9rminos de servicio y regulaciones legales.\" \/>\n<meta name=\"robots\" content=\"index, follow, max-snippet:-1, max-image-preview:large, max-video-preview:-1\" \/>\n<link rel=\"canonical\" href=\"https:\/\/mabelcapital.com\/es\/aviso-legal\/\" \/>\n<meta property=\"og:locale\" content=\"es_ES\" \/>\n<meta property=\"og:type\" content=\"article\" \/>\n<meta property=\"og:title\" content=\"Aviso Legal | Mabel Capital\" \/>\n<meta property=\"og:description\" content=\"Consulta el Aviso Legal de Mabel Capital y conoce la informaci\u00f3n sobre el uso de nuestra web, t\u00e9rminos de servicio y regulaciones legales.\" \/>\n<meta property=\"og:url\" content=\"https:\/\/mabelcapital.com\/es\/aviso-legal\/\" \/>\n<meta property=\"og:site_name\" content=\"Mabel Capital\" \/>\n<meta property=\"article:modified_time\" content=\"2026-04-08T10:44:05+00:00\" \/>\n<meta property=\"og:image\" content=\"https:\/\/mabelcapital.com\/wp-content\/uploads\/2026\/04\/Mabel-Capital-Favicon.png\" \/>\n\t<meta property=\"og:image:width\" content=\"1500\" \/>\n\t<meta property=\"og:image:height\" content=\"1500\" \/>\n\t<meta property=\"og:image:type\" content=\"image\/png\" \/>\n<meta name=\"twitter:card\" content=\"summary_large_image\" \/>\n<meta name=\"twitter:label1\" content=\"Tiempo de lectura\" \/>\n\t<meta name=\"twitter:data1\" content=\"7 minutos\" \/>\n<script type=\"application\/ld+json\" class=\"yoast-schema-graph\">{\"@context\":\"https:\/\/schema.org\",\"@graph\":[{\"@type\":\"WebPage\",\"@id\":\"https:\/\/mabelcapital.com\/es\/aviso-legal\/\",\"url\":\"https:\/\/mabelcapital.com\/es\/aviso-legal\/\",\"name\":\"Aviso Legal | Mabel Capital\",\"isPartOf\":{\"@id\":\"https:\/\/mabelcapital.com\/es\/#website\"},\"datePublished\":\"2026-04-08T10:40:34+00:00\",\"dateModified\":\"2026-04-08T10:44:05+00:00\",\"description\":\"Consulta el Aviso Legal de Mabel Capital y conoce la informaci\u00f3n sobre el uso de nuestra web, t\u00e9rminos de servicio y regulaciones legales.\",\"breadcrumb\":{\"@id\":\"https:\/\/mabelcapital.com\/es\/aviso-legal\/#breadcrumb\"},\"inLanguage\":\"es\",\"potentialAction\":[{\"@type\":\"ReadAction\",\"target\":[\"https:\/\/mabelcapital.com\/es\/aviso-legal\/\"]}]},{\"@type\":\"BreadcrumbList\",\"@id\":\"https:\/\/mabelcapital.com\/es\/aviso-legal\/#breadcrumb\",\"itemListElement\":[{\"@type\":\"ListItem\",\"position\":1,\"name\":\"Portada\",\"item\":\"https:\/\/mabelcapital.com\/es\/inicio\/\"},{\"@type\":\"ListItem\",\"position\":2,\"name\":\"Aviso Legal\"}]},{\"@type\":\"WebSite\",\"@id\":\"https:\/\/mabelcapital.com\/es\/#website\",\"url\":\"https:\/\/mabelcapital.com\/es\/\",\"name\":\"Mabel Capital\",\"description\":\"\",\"potentialAction\":[{\"@type\":\"SearchAction\",\"target\":{\"@type\":\"EntryPoint\",\"urlTemplate\":\"https:\/\/mabelcapital.com\/es\/?s={search_term_string}\"},\"query-input\":{\"@type\":\"PropertyValueSpecification\",\"valueRequired\":true,\"valueName\":\"search_term_string\"}}],\"inLanguage\":\"es\"}]}<\/script>\n<!-- \/ Yoast SEO plugin. -->","yoast_head_json":{"title":"Aviso Legal | Mabel Capital","description":"Consulta el Aviso Legal de Mabel Capital y conoce la informaci\u00f3n sobre el uso de nuestra web, t\u00e9rminos de servicio y regulaciones legales.","robots":{"index":"index","follow":"follow","max-snippet":"max-snippet:-1","max-image-preview":"max-image-preview:large","max-video-preview":"max-video-preview:-1"},"canonical":"https:\/\/mabelcapital.com\/es\/aviso-legal\/","og_locale":"es_ES","og_type":"article","og_title":"Aviso Legal | Mabel Capital","og_description":"Consulta el Aviso Legal de Mabel Capital y conoce la informaci\u00f3n sobre el uso de nuestra web, t\u00e9rminos de servicio y regulaciones legales.","og_url":"https:\/\/mabelcapital.com\/es\/aviso-legal\/","og_site_name":"Mabel Capital","article_modified_time":"2026-04-08T10:44:05+00:00","og_image":[{"width":1500,"height":1500,"url":"https:\/\/mabelcapital.com\/wp-content\/uploads\/2026\/04\/Mabel-Capital-Favicon.png","type":"image\/png"}],"twitter_card":"summary_large_image","twitter_misc":{"Tiempo de lectura":"7 minutos"},"schema":{"@context":"https:\/\/schema.org","@graph":[{"@type":"WebPage","@id":"https:\/\/mabelcapital.com\/es\/aviso-legal\/","url":"https:\/\/mabelcapital.com\/es\/aviso-legal\/","name":"Aviso Legal | Mabel Capital","isPartOf":{"@id":"https:\/\/mabelcapital.com\/es\/#website"},"datePublished":"2026-04-08T10:40:34+00:00","dateModified":"2026-04-08T10:44:05+00:00","description":"Consulta el Aviso Legal de Mabel Capital y conoce la informaci\u00f3n sobre el uso de nuestra web, t\u00e9rminos de servicio y regulaciones legales.","breadcrumb":{"@id":"https:\/\/mabelcapital.com\/es\/aviso-legal\/#breadcrumb"},"inLanguage":"es","potentialAction":[{"@type":"ReadAction","target":["https:\/\/mabelcapital.com\/es\/aviso-legal\/"]}]},{"@type":"BreadcrumbList","@id":"https:\/\/mabelcapital.com\/es\/aviso-legal\/#breadcrumb","itemListElement":[{"@type":"ListItem","position":1,"name":"Portada","item":"https:\/\/mabelcapital.com\/es\/inicio\/"},{"@type":"ListItem","position":2,"name":"Aviso Legal"}]},{"@type":"WebSite","@id":"https:\/\/mabelcapital.com\/es\/#website","url":"https:\/\/mabelcapital.com\/es\/","name":"Mabel Capital","description":"","potentialAction":[{"@type":"SearchAction","target":{"@type":"EntryPoint","urlTemplate":"https:\/\/mabelcapital.com\/es\/?s={search_term_string}"},"query-input":{"@type":"PropertyValueSpecification","valueRequired":true,"valueName":"search_term_string"}}],"inLanguage":"es"}]}},"_links":{"self":[{"href":"https:\/\/mabelcapital.com\/es\/wp-json\/wp\/v2\/pages\/9941","targetHints":{"allow":["GET"]}}],"collection":[{"href":"https:\/\/mabelcapital.com\/es\/wp-json\/wp\/v2\/pages"}],"about":[{"href":"https:\/\/mabelcapital.com\/es\/wp-json\/wp\/v2\/types\/page"}],"author":[{"embeddable":true,"href":"https:\/\/mabelcapital.com\/es\/wp-json\/wp\/v2\/users\/1"}],"replies":[{"embeddable":true,"href":"https:\/\/mabelcapital.com\/es\/wp-json\/wp\/v2\/comments?post=9941"}],"version-history":[{"count":3,"href":"https:\/\/mabelcapital.com\/es\/wp-json\/wp\/v2\/pages\/9941\/revisions"}],"predecessor-version":[{"id":9944,"href":"https:\/\/mabelcapital.com\/es\/wp-json\/wp\/v2\/pages\/9941\/revisions\/9944"}],"wp:attachment":[{"href":"https:\/\/mabelcapital.com\/es\/wp-json\/wp\/v2\/media?parent=9941"}],"curies":[{"name":"wp","href":"https:\/\/api.w.org\/{rel}","templated":true}]}}