{"id":9936,"date":"2026-04-08T12:22:45","date_gmt":"2026-04-08T10:22:45","guid":{"rendered":"https:\/\/mabelcapital.com\/privacy-policy\/"},"modified":"2026-04-08T12:31:41","modified_gmt":"2026-04-08T10:31:41","slug":"politica-privacidad","status":"publish","type":"page","link":"https:\/\/mabelcapital.com\/es\/politica-privacidad\/","title":{"rendered":"Pol\u00edtica privacidad"},"content":{"rendered":"<section class=\"l-section wpb_row height_auto\"><div class=\"l-section-h i-cf\"><div class=\"g-cols vc_row via_grid cols_1 laptops-cols_inherit tablets-cols_inherit mobiles-cols_1 valign_top type_default stacking_default\"><div class=\"wpb_column vc_column_container\"><div class=\"vc_column-inner\"><div class=\"w-separator size_large\"><\/div><h1 class=\"w-text us_custom_793a1586 has_text_color\"><span class=\"w-text-h\"><span class=\"w-text-value\">Pol\u00edtica de privacidad<\/span><\/span><\/h1><div class=\"wpb_text_column us_custom_c1775dec has_text_color\"><div class=\"wpb_wrapper\"><p>Siguiendo los principios de licitud, lealtad y transparencia, ponemos a su disposici\u00f3n la presente Pol\u00edtica de Privacidad.<\/p>\n<h2>1. \u00bfQui\u00e9n es el responsable del tratamiento de sus datos?<\/h2>\n<table border=\"1\" cellspacing=\"0\" cellpadding=\"8\">\n<tbody>\n<tr>\n<td><strong>Responsable<\/strong><\/td>\n<td>Family Office, S.L.<\/td>\n<\/tr>\n<tr>\n<td><strong>NIF<\/strong><\/td>\n<td>B85639417<\/td>\n<\/tr>\n<tr>\n<td><strong>Domicilio social<\/strong><\/td>\n<td>Calle Ayala, 3, 28001, Madrid<\/td>\n<\/tr>\n<tr>\n<td><strong>Correo electr\u00f3nico<\/strong><\/td>\n<td><a href=\"mailto:ppdd@mabelcapital.com\">ppdd@mabelcapital.com<\/a><\/td>\n<\/tr>\n<tr>\n<td><strong>Tel\u00e9fono<\/strong><\/td>\n<td>917 629 297<\/td>\n<\/tr>\n<tr>\n<td><strong>Delegado de Protecci\u00f3n de Datos<\/strong><\/td>\n<td><a href=\"mailto:ppdd@mabelcapital.com\">ppdd@mabelcapital.com<\/a><\/td>\n<\/tr>\n<\/tbody>\n<\/table>\n<h2>2. \u00bfCon qu\u00e9 finalidad tratamos sus datos personales?<\/h2>\n<p>En Family Office, S.L., dependiendo de la categor\u00eda de interesado de que se trate, tratamos la informaci\u00f3n que nos facilita con las siguientes finalidades:<\/p>\n<table border=\"1\" cellspacing=\"0\" cellpadding=\"8\">\n<thead>\n<tr>\n<th>Interesados<\/th>\n<th>Finalidades del tratamiento<\/th>\n<\/tr>\n<\/thead>\n<tbody>\n<tr>\n<td><strong>Potenciales clientes<\/strong><\/td>\n<td>Gestionar la potencial relaci\u00f3n comercial y\/o profesional, gestionar el env\u00edo de informaci\u00f3n solicitada y\/o resolver las consultas planteadas, facilitar ofertas de nuestros servicios y\/o productos de su inter\u00e9s.<\/td>\n<\/tr>\n<tr>\n<td><strong>Clientes<\/strong><\/td>\n<td>Gestionar la relaci\u00f3n comercial y\/o profesional, facilitar ofertas de nuestros servicios y\/o productos de su inter\u00e9s.<\/td>\n<\/tr>\n<tr>\n<td><strong>Proveedores<\/strong><\/td>\n<td>Gestionar la relaci\u00f3n comercial y\/o profesional.<\/td>\n<\/tr>\n<tr>\n<td><strong>Candidatos<\/strong><\/td>\n<td>Gestionar el proceso de selecci\u00f3n de personal.<\/td>\n<\/tr>\n<tr>\n<td><strong>Usuarios web<\/strong><\/td>\n<td>Gestionar el an\u00e1lisis de sus datos de navegaci\u00f3n.<\/td>\n<\/tr>\n<\/tbody>\n<\/table>\n<h2>3. \u00bfCu\u00e1l es la legitimaci\u00f3n para el tratamiento de sus datos?<\/h2>\n<p>La base legal para el tratamiento de sus datos personales, dependiendo de la categor\u00eda de interesado de que se trate, puede ser:<\/p>\n<table border=\"1\" cellspacing=\"0\" cellpadding=\"8\">\n<thead>\n<tr>\n<th>Interesados<\/th>\n<th>Base de legitimaci\u00f3n \u2013 art\u00edculo 6 del RGPD<\/th>\n<\/tr>\n<\/thead>\n<tbody>\n<tr>\n<td><strong>Potenciales clientes<\/strong><\/td>\n<td>\n<ul>\n<li style=\"list-style-type: none;\">\n<ul>&gt;Art. 6.1.b RGPD: aplicaci\u00f3n, a petici\u00f3n del interesado, de medidas precontractuales (presupuestos, hojas de encargo, ofertas de servicios&#8230;).<\/ul>\n<\/li>\n<\/ul>\n<p>&gt;Art. 6.1.f RGPD: inter\u00e9s leg\u00edtimo (enviar informaci\u00f3n solicitada, responder a las consultas planteadas&#8230;).<\/p>\n<p>&gt;Art. 6.1.a RGPD: consentimiento del propio interesado (facilitar ofertas de nuestros servicios y\/o productos).<\/td>\n<\/tr>\n<tr>\n<td><strong>Clientes<\/strong><\/td>\n<td>Art. 6.1.b RGPD: ejecuci\u00f3n de un contrato en el que el interesado es parte.<\/td>\n<\/tr>\n<tr>\n<td><strong>Proveedores<\/strong><\/td>\n<td>Art. 6.1.b RGPD: ejecuci\u00f3n de un contrato en el que el interesado es parte.<\/td>\n<\/tr>\n<tr>\n<td><strong>Candidatos<\/strong><\/td>\n<td>Art. 6.1.a RGPD: consentimiento del propio interesado.<\/td>\n<\/tr>\n<tr>\n<td><strong>Usuarios web<\/strong><\/td>\n<td>Art. 6.1.a RGPD: consentimiento del propio interesado.<\/td>\n<\/tr>\n<\/tbody>\n<\/table>\n<p>Los datos que le solicitamos son adecuados, pertinentes y estrictamente necesarios y en ning\u00fan caso est\u00e1 obligado a facilit\u00e1rnoslos, pero su no comunicaci\u00f3n podr\u00e1 afectar a la finalidad del servicio o la imposibilidad de prestarlo.<\/p>\n<h2>4. \u00bfPor cu\u00e1nto tiempo conservaremos sus datos personales?<\/h2>\n<p>Sus datos ser\u00e1n conservados el tiempo m\u00ednimo necesario para la correcta prestaci\u00f3n del servicio ofrecido, as\u00ed como para atender las responsabilidades que se pudieran derivar del mismo y de cualquier otra exigencia legal.<\/p>\n<h2>5. \u00bfA qu\u00e9 destinatarios se comunicar\u00e1n sus datos?<\/h2>\n<p>Family Office, S.L. no comunicar\u00e1 sus datos a ning\u00fan tercero, salvo que se informe de ello expresamente. Adicionalmente le informamos que determinados datos, en virtud de la normativa vigente o de la relaci\u00f3n contractual que mantenga con Family Office, S.L., podr\u00e1n ser comunicados a:<\/p>\n<ul>\n<li style=\"list-style-type: none;\">\n<ul>&gt;Los bancos y entidades financieras para el cobro de los servicios contratados y\/o productos comprados.<\/ul>\n<\/li>\n<\/ul>\n<p>&gt;Administraciones p\u00fablicas con competencia en los sectores de la actividad de MABEL CAPITAL en cualquiera de sus filiales, cuando as\u00ed lo establezca la normativa vigente.<\/p>\n<h2>6. \u00bfSe efect\u00faan transferencias internacionales de los datos?<\/h2>\n<p>Family Office, S.L. podr\u00eda realizar desde este sitio web transferencias internacionales de datos derivados de la aceptaci\u00f3n de las cookies. Google LLC y Google Ireland Limited transfieren datos a Estados Unidos en base al consentimiento del usuario al aceptar las cookies.<\/p>\n<p>Al aceptar las cookies de estas entidades, el usuario consiente que sus datos personales que puedan recabarse a trav\u00e9s de la carga y lectura de las cookies sean transferidos a Estados Unidos, pa\u00eds en el que se ofrece un nivel de protecci\u00f3n equiparable al europeo, solo en aquellas empresas estadounidenses incluidas en la lista de privacidad de datos UE-EE.UU., en el conocido como <strong>Data Privacy Framework<\/strong> (en adelante, DPF).<\/p>\n<p>En caso de que las empresas estadounidenses no est\u00e9n adheridas al DPF, se entender\u00e1 que las mismas no garantizan un nivel de protecci\u00f3n equiparable al europeo. En caso de que el usuario no consienta esta transferencia internacional de datos a Estados Unidos, deber\u00e1 rechazar estas cookies, no prest\u00e1ndose ni obteniendo las funcionalidades o servicios que se ofrecen con estas cookies.<\/p>\n<p>Puedes informarte de las transferencias a terceros pa\u00edses que, en su caso, realizan los terceros identificados en la pol\u00edtica de cookies en sus correspondientes pol\u00edticas.<\/p>\n<h2>7. \u00bfCu\u00e1les son sus derechos cuando nos facilita sus datos?<\/h2>\n<p>Los derechos de protecci\u00f3n de datos que podr\u00e1n ejercer las personas interesadas, cuando procedan, son:<\/p>\n<table border=\"1\" cellspacing=\"0\" cellpadding=\"8\">\n<thead>\n<tr>\n<th>Derecho<\/th>\n<th>\u00bfEn qu\u00e9 consiste?<\/th>\n<\/tr>\n<\/thead>\n<tbody>\n<tr>\n<td><strong>Derecho de acceso<\/strong><\/td>\n<td>Consultar qu\u00e9 datos personales trata el Responsable del Tratamiento. <a href=\"https:\/\/www.aepd.es\/derechos-y-deberes\/conoce-tus-derechos\/derecho-de-acceso\" target=\"_blank\" rel=\"noopener\">M\u00e1s informaci\u00f3n, aqu\u00ed.<\/a><\/td>\n<\/tr>\n<tr>\n<td><strong>Derecho de rectificaci\u00f3n<\/strong><\/td>\n<td>Modificar los datos personales que trata el Responsable del Tratamiento cuando sean inexactos, incorrectos o incompletos. <a href=\"https:\/\/www.aepd.es\/derechos-y-deberes\/conoce-tus-derechos\/derecho-de-rectificacion\" target=\"_blank\" rel=\"noopener\">M\u00e1s informaci\u00f3n, aqu\u00ed.<\/a><\/td>\n<\/tr>\n<tr>\n<td><strong>Derecho de oposici\u00f3n<\/strong><\/td>\n<td>Solicitar que el Responsable del Tratamiento no trate sus datos personales para algunas finalidades concretas. <a href=\"https:\/\/www.aepd.es\/derechos-y-deberes\/conoce-tus-derechos\/derecho-de-oposicion\" target=\"_blank\" rel=\"noopener\">M\u00e1s informaci\u00f3n, aqu\u00ed.<\/a><\/td>\n<\/tr>\n<tr>\n<td><strong>Derecho de supresi\u00f3n<\/strong><\/td>\n<td>Solicitar que el Responsable del Tratamiento elimine sus datos personales. <a href=\"https:\/\/www.aepd.es\/derechos-y-deberes\/conoce-tus-derechos\/derecho-de-supresion-derecho-al-olvido\" target=\"_blank\" rel=\"noopener\">M\u00e1s informaci\u00f3n, aqu\u00ed.<\/a><\/td>\n<\/tr>\n<tr>\n<td><strong>Derecho de limitaci\u00f3n<\/strong><\/td>\n<td>Solicitar que el Responsable del Tratamiento limite el tratamiento de sus datos personales. <a href=\"https:\/\/www.aepd.es\/derechos-y-deberes\/conoce-tus-derechos\/derecho-de-limitacion-del-tratamiento\" target=\"_blank\" rel=\"noopener\">M\u00e1s informaci\u00f3n, aqu\u00ed.<\/a><\/td>\n<\/tr>\n<tr>\n<td><strong>Derecho de portabilidad<\/strong><\/td>\n<td>Cuando el tratamiento se efect\u00fae por medios automatizados, recibir sus datos personales en un formato estructurado, de uso com\u00fan, de lectura mec\u00e1nica e interoperable, y poder transmitirlos a otro responsable del tratamiento. <a href=\"https:\/\/www.aepd.es\/derechos-y-deberes\/conoce-tus-derechos\/derecho-de-portabilidad\" target=\"_blank\" rel=\"noopener\">M\u00e1s informaci\u00f3n, aqu\u00ed.<\/a><\/td>\n<\/tr>\n<tr>\n<td><strong>Derecho a no ser objeto de decisiones individuales automatizadas<\/strong><\/td>\n<td>Este derecho pretende garantizar que no seas objeto de una decisi\u00f3n basada \u00fanicamente en el tratamiento de tus datos, incluida la elaboraci\u00f3n de perfiles, que produzca efectos jur\u00eddicos sobre ti o te afecte significativamente de forma similar. <a href=\"https:\/\/www.aepd.es\/derechos-y-deberes\/conoce-tus-derechos\/derecho-a-no-ser-objeto-de-decisiones-automatizadas\" target=\"_blank\" rel=\"noopener\">M\u00e1s informaci\u00f3n, aqu\u00ed.<\/a><\/td>\n<\/tr>\n<tr>\n<td><strong>Derecho a presentar una reclamaci\u00f3n ante la autoridad competente<\/strong><\/td>\n<td>Interponer una reclamaci\u00f3n contra el Responsable del Tratamiento ante la Agencia Espa\u00f1ola de Protecci\u00f3n de Datos (AEPD) si el usuario considera que la entidad ha tratado sus datos personales infringiendo la normativa.<\/td>\n<\/tr>\n<\/tbody>\n<\/table>\n<p>Los\/las titulares de los datos personales obtenidos podr\u00e1n ejercer sus derechos de protecci\u00f3n de datos personales dirigiendo una comunicaci\u00f3n por escrito al domicilio social de Family Office, S.L. en <strong>calle Ayala, 3, 28001, Madrid<\/strong>, o al correo electr\u00f3nico habilitado a tal efecto: <a href=\"mailto:ppdd@mabelcapital.com\">ppdd@mabelcapital.com<\/a>.<\/p>\n<p>Puede utilizar los siguientes modelos para realizar sus ejercicios de derechos:<\/p>\n<p>&gt;<a href=\"https:\/\/www.aepd.es\/derechos-y-deberes\/conoce-tus-derechos\/derecho-de-acceso\" target=\"_blank\" rel=\"noopener\">Acceso al modelo para ejercitar el derecho de acceso.<\/a><\/p>\n<p>&gt;<a href=\"https:\/\/www.aepd.es\/derechos-y-deberes\/conoce-tus-derechos\/derecho-de-rectificacion\" target=\"_blank\" rel=\"noopener\">Acceso al modelo para ejercitar el derecho de rectificaci\u00f3n.<\/a><\/p>\n<p>&gt;<a href=\"https:\/\/www.aepd.es\/derechos-y-deberes\/conoce-tus-derechos\/derecho-de-supresion-derecho-al-olvido\" target=\"_blank\" rel=\"noopener\">Acceso al modelo para ejercitar el derecho de supresi\u00f3n.<\/a><\/p>\n<p>&gt;<a href=\"https:\/\/www.aepd.es\/derechos-y-deberes\/conoce-tus-derechos\/derecho-de-oposicion\" target=\"_blank\" rel=\"noopener\">Acceso al modelo para ejercitar el derecho de oposici\u00f3n.<\/a><\/p>\n<p>&gt;<a href=\"https:\/\/www.aepd.es\/derechos-y-deberes\/conoce-tus-derechos\/derecho-de-limitacion-del-tratamiento\" target=\"_blank\" rel=\"noopener\">Acceso al modelo para ejercitar el derecho de limitaci\u00f3n del tratamiento.<\/a><\/p>\n<p>&gt;<a href=\"https:\/\/www.aepd.es\/derechos-y-deberes\/conoce-tus-derechos\/derecho-de-portabilidad\" target=\"_blank\" rel=\"noopener\">Acceso al modelo para ejercitar el derecho de portabilidad.<\/a><\/p>\n<p>&gt;<a href=\"https:\/\/www.aepd.es\/derechos-y-deberes\/conoce-tus-derechos\/derecho-a-no-ser-objeto-de-decisiones-automatizadas\" target=\"_blank\" rel=\"noopener\">Acceso al modelo para ejercitar el derecho a no ser objeto de decisiones individuales automatizadas.<\/a><\/p>\n<p>M\u00e1s informaci\u00f3n sobre el ejercicio de derechos en la p\u00e1gina oficial de la Agencia Espa\u00f1ola de Protecci\u00f3n de Datos (AEPD) en el siguiente <a href=\"https:\/\/www.aepd.es\/derechos-y-deberes\/conoce-tus-derechos\" target=\"_blank\" rel=\"noopener\">enlace<\/a>.<\/p>\n<h2>8. \u00bfPuedo retirar el consentimiento?<\/h2>\n<p>Usted tiene la posibilidad y el derecho a retirar el consentimiento para cualquier finalidad espec\u00edfica otorgada en su momento, sin que ello afecte a la licitud del tratamiento basado en el consentimiento previo a su retirada.<\/p>\n<h2>9. \u00bfD\u00f3nde puedo reclamar en el caso de que considere que no se tratan mis datos correctamente?<\/h2>\n<p>Si alg\u00fan interesado considera que sus datos no son tratados correctamente por Family Office, S.L. o que las solicitudes de ejercicio de derechos no han sido atendidas de forma satisfactoria, puede interponer una reclamaci\u00f3n ante la autoridad de protecci\u00f3n de datos que corresponda, siendo la Agencia Espa\u00f1ola de Protecci\u00f3n de Datos (AEPD) la indicada en el territorio nacional. M\u00e1s informaci\u00f3n en su p\u00e1gina web <a href=\"https:\/\/www.aepd.es\" target=\"_blank\" rel=\"noopener\">www.aepd.es<\/a>.<\/p>\n<h2>10. Seguridad y actualizaci\u00f3n de sus datos personales.<\/h2>\n<p>Con el objetivo de salvaguardar la seguridad de sus datos personales, le informamos que se han adoptado todas las medidas de \u00edndole t\u00e9cnica y organizativa necesarias para garantizar la seguridad de los datos personales suministrados. Todo ello para evitar su alteraci\u00f3n, p\u00e9rdida y\/o tratamientos o accesos no autorizados, tal como exige la normativa, si bien la seguridad absoluta no existe.<\/p>\n<p>Es importante que, para que podamos mantener sus datos personales actualizados, nos informe siempre que se produzca una modificaci\u00f3n de los mismos.<\/p>\n<h2>11. Confidencialidad.<\/h2>\n<p>Family Office, S.L. le informa que sus datos ser\u00e1n tratados con el m\u00e1ximo celo y confidencialidad por todo el personal que intervenga en cualquiera de las fases del tratamiento. No cederemos ni comunicaremos a ning\u00fan tercero sus datos, excepto en los casos legalmente previstos, o salvo que el interesado nos hubiera autorizado expresamente.<\/p>\n<\/div><\/div><\/div><\/div><\/div><\/div><\/section>\n","protected":false},"excerpt":{"rendered":"Pol\u00edtica de privacidadSiguiendo los principios de licitud, lealtad y transparencia, ponemos a su disposici\u00f3n la presente Pol\u00edtica de Privacidad. 1. \u00bfQui\u00e9n es el responsable del tratamiento de sus datos? Responsable Family Office, S.L. NIF B85639417 Domicilio social Calle Ayala, 3, 28001, Madrid Correo electr\u00f3nico ppdd@mabelcapital.com Tel\u00e9fono 917 629 297 Delegado de Protecci\u00f3n de Datos ppdd@mabelcapital.com...","protected":false},"author":1,"featured_media":0,"parent":0,"menu_order":0,"comment_status":"closed","ping_status":"closed","template":"","meta":{"_acf_changed":false,"footnotes":""},"class_list":["post-9936","page","type-page","status-publish","hentry"],"acf":[],"yoast_head":"<!-- This site is optimized with the Yoast SEO plugin v27.2 - https:\/\/yoast.com\/product\/yoast-seo-wordpress\/ -->\n<title>Pol\u00edtica de Privacidad | Mabel Capital<\/title>\n<meta name=\"description\" content=\"Protegemos tu privacidad en Mabel Capital. Consulta nuestra Pol\u00edtica de Privacidad para conocer c\u00f3mo gestionamos tus datos de forma segura.\" \/>\n<meta name=\"robots\" content=\"index, follow, max-snippet:-1, max-image-preview:large, max-video-preview:-1\" \/>\n<link rel=\"canonical\" href=\"https:\/\/mabelcapital.com\/es\/politica-privacidad\/\" \/>\n<meta property=\"og:locale\" content=\"es_ES\" \/>\n<meta property=\"og:type\" content=\"article\" \/>\n<meta property=\"og:title\" content=\"Pol\u00edtica de Privacidad | Mabel Capital\" \/>\n<meta property=\"og:description\" content=\"Protegemos tu privacidad en Mabel Capital. Consulta nuestra Pol\u00edtica de Privacidad para conocer c\u00f3mo gestionamos tus datos de forma segura.\" \/>\n<meta property=\"og:url\" content=\"https:\/\/mabelcapital.com\/es\/politica-privacidad\/\" \/>\n<meta property=\"og:site_name\" content=\"Mabel Capital\" \/>\n<meta property=\"article:modified_time\" content=\"2026-04-08T10:31:41+00:00\" \/>\n<meta property=\"og:image\" content=\"https:\/\/mabelcapital.com\/wp-content\/uploads\/2026\/04\/Mabel-Capital-Favicon.png\" \/>\n\t<meta property=\"og:image:width\" content=\"1500\" \/>\n\t<meta property=\"og:image:height\" content=\"1500\" \/>\n\t<meta property=\"og:image:type\" content=\"image\/png\" \/>\n<meta name=\"twitter:card\" content=\"summary_large_image\" \/>\n<meta name=\"twitter:label1\" content=\"Tiempo de lectura\" \/>\n\t<meta name=\"twitter:data1\" content=\"6 minutos\" \/>\n<script type=\"application\/ld+json\" class=\"yoast-schema-graph\">{\"@context\":\"https:\/\/schema.org\",\"@graph\":[{\"@type\":\"WebPage\",\"@id\":\"https:\/\/mabelcapital.com\/es\/politica-privacidad\/\",\"url\":\"https:\/\/mabelcapital.com\/es\/politica-privacidad\/\",\"name\":\"Pol\u00edtica de Privacidad | Mabel Capital\",\"isPartOf\":{\"@id\":\"https:\/\/mabelcapital.com\/es\/#website\"},\"datePublished\":\"2026-04-08T10:22:45+00:00\",\"dateModified\":\"2026-04-08T10:31:41+00:00\",\"description\":\"Protegemos tu privacidad en Mabel Capital. Consulta nuestra Pol\u00edtica de Privacidad para conocer c\u00f3mo gestionamos tus datos de forma segura.\",\"breadcrumb\":{\"@id\":\"https:\/\/mabelcapital.com\/es\/politica-privacidad\/#breadcrumb\"},\"inLanguage\":\"es\",\"potentialAction\":[{\"@type\":\"ReadAction\",\"target\":[\"https:\/\/mabelcapital.com\/es\/politica-privacidad\/\"]}]},{\"@type\":\"BreadcrumbList\",\"@id\":\"https:\/\/mabelcapital.com\/es\/politica-privacidad\/#breadcrumb\",\"itemListElement\":[{\"@type\":\"ListItem\",\"position\":1,\"name\":\"Portada\",\"item\":\"https:\/\/mabelcapital.com\/es\/inicio\/\"},{\"@type\":\"ListItem\",\"position\":2,\"name\":\"Pol\u00edtica privacidad\"}]},{\"@type\":\"WebSite\",\"@id\":\"https:\/\/mabelcapital.com\/es\/#website\",\"url\":\"https:\/\/mabelcapital.com\/es\/\",\"name\":\"Mabel Capital\",\"description\":\"\",\"potentialAction\":[{\"@type\":\"SearchAction\",\"target\":{\"@type\":\"EntryPoint\",\"urlTemplate\":\"https:\/\/mabelcapital.com\/es\/?s={search_term_string}\"},\"query-input\":{\"@type\":\"PropertyValueSpecification\",\"valueRequired\":true,\"valueName\":\"search_term_string\"}}],\"inLanguage\":\"es\"}]}<\/script>\n<!-- \/ Yoast SEO plugin. -->","yoast_head_json":{"title":"Pol\u00edtica de Privacidad | Mabel Capital","description":"Protegemos tu privacidad en Mabel Capital. Consulta nuestra Pol\u00edtica de Privacidad para conocer c\u00f3mo gestionamos tus datos de forma segura.","robots":{"index":"index","follow":"follow","max-snippet":"max-snippet:-1","max-image-preview":"max-image-preview:large","max-video-preview":"max-video-preview:-1"},"canonical":"https:\/\/mabelcapital.com\/es\/politica-privacidad\/","og_locale":"es_ES","og_type":"article","og_title":"Pol\u00edtica de Privacidad | Mabel Capital","og_description":"Protegemos tu privacidad en Mabel Capital. Consulta nuestra Pol\u00edtica de Privacidad para conocer c\u00f3mo gestionamos tus datos de forma segura.","og_url":"https:\/\/mabelcapital.com\/es\/politica-privacidad\/","og_site_name":"Mabel Capital","article_modified_time":"2026-04-08T10:31:41+00:00","og_image":[{"width":1500,"height":1500,"url":"https:\/\/mabelcapital.com\/wp-content\/uploads\/2026\/04\/Mabel-Capital-Favicon.png","type":"image\/png"}],"twitter_card":"summary_large_image","twitter_misc":{"Tiempo de lectura":"6 minutos"},"schema":{"@context":"https:\/\/schema.org","@graph":[{"@type":"WebPage","@id":"https:\/\/mabelcapital.com\/es\/politica-privacidad\/","url":"https:\/\/mabelcapital.com\/es\/politica-privacidad\/","name":"Pol\u00edtica de Privacidad | Mabel Capital","isPartOf":{"@id":"https:\/\/mabelcapital.com\/es\/#website"},"datePublished":"2026-04-08T10:22:45+00:00","dateModified":"2026-04-08T10:31:41+00:00","description":"Protegemos tu privacidad en Mabel Capital. Consulta nuestra Pol\u00edtica de Privacidad para conocer c\u00f3mo gestionamos tus datos de forma segura.","breadcrumb":{"@id":"https:\/\/mabelcapital.com\/es\/politica-privacidad\/#breadcrumb"},"inLanguage":"es","potentialAction":[{"@type":"ReadAction","target":["https:\/\/mabelcapital.com\/es\/politica-privacidad\/"]}]},{"@type":"BreadcrumbList","@id":"https:\/\/mabelcapital.com\/es\/politica-privacidad\/#breadcrumb","itemListElement":[{"@type":"ListItem","position":1,"name":"Portada","item":"https:\/\/mabelcapital.com\/es\/inicio\/"},{"@type":"ListItem","position":2,"name":"Pol\u00edtica privacidad"}]},{"@type":"WebSite","@id":"https:\/\/mabelcapital.com\/es\/#website","url":"https:\/\/mabelcapital.com\/es\/","name":"Mabel Capital","description":"","potentialAction":[{"@type":"SearchAction","target":{"@type":"EntryPoint","urlTemplate":"https:\/\/mabelcapital.com\/es\/?s={search_term_string}"},"query-input":{"@type":"PropertyValueSpecification","valueRequired":true,"valueName":"search_term_string"}}],"inLanguage":"es"}]}},"_links":{"self":[{"href":"https:\/\/mabelcapital.com\/es\/wp-json\/wp\/v2\/pages\/9936","targetHints":{"allow":["GET"]}}],"collection":[{"href":"https:\/\/mabelcapital.com\/es\/wp-json\/wp\/v2\/pages"}],"about":[{"href":"https:\/\/mabelcapital.com\/es\/wp-json\/wp\/v2\/types\/page"}],"author":[{"embeddable":true,"href":"https:\/\/mabelcapital.com\/es\/wp-json\/wp\/v2\/users\/1"}],"replies":[{"embeddable":true,"href":"https:\/\/mabelcapital.com\/es\/wp-json\/wp\/v2\/comments?post=9936"}],"version-history":[{"count":2,"href":"https:\/\/mabelcapital.com\/es\/wp-json\/wp\/v2\/pages\/9936\/revisions"}],"predecessor-version":[{"id":9938,"href":"https:\/\/mabelcapital.com\/es\/wp-json\/wp\/v2\/pages\/9936\/revisions\/9938"}],"wp:attachment":[{"href":"https:\/\/mabelcapital.com\/es\/wp-json\/wp\/v2\/media?parent=9936"}],"curies":[{"name":"wp","href":"https:\/\/api.w.org\/{rel}","templated":true}]}}