{"id":9928,"date":"2026-04-08T11:43:24","date_gmt":"2026-04-08T09:43:24","guid":{"rendered":"https:\/\/mabelcapital.com\/cookie-policy\/"},"modified":"2026-04-08T12:09:55","modified_gmt":"2026-04-08T10:09:55","slug":"politicas-cookies","status":"publish","type":"page","link":"https:\/\/mabelcapital.com\/es\/politicas-cookies\/","title":{"rendered":"Pol\u00edticas Cookies"},"content":{"rendered":"<section class=\"l-section wpb_row height_auto\"><div class=\"l-section-h i-cf\"><div class=\"g-cols vc_row via_grid cols_1 laptops-cols_inherit tablets-cols_inherit mobiles-cols_1 valign_top type_default stacking_default\"><div class=\"wpb_column vc_column_container\"><div class=\"vc_column-inner\"><div class=\"w-separator size_large\"><\/div><h1 class=\"w-text us_custom_793a1586 has_text_color\"><span class=\"w-text-h\"><span class=\"w-text-value\">Pol\u00edticas de Cookies<\/span><\/span><\/h1><div class=\"wpb_text_column us_custom_c1775dec has_text_color\"><div class=\"wpb_wrapper\"><h2>1. \u00bfQu\u00e9 son las cookies?<\/h2>\n<p>La p\u00e1gina web cuya propiedad y titularidad es de <strong>Family Office, S.L.<\/strong> \u2014en adelante, \u00abla web\u00bb o \u00abel sitio web\u00bb\u2014 utiliza cookies y\/o tecnolog\u00edas similares que almacenan y recuperan informaci\u00f3n cuando navegas. En general, estas tecnolog\u00edas pueden servir para finalidades muy diversas, como, por ejemplo, reconocerte como usuario, obtener informaci\u00f3n sobre tus h\u00e1bitos de navegaci\u00f3n, o personalizar la forma en que se muestra el contenido.<\/p>\n<p>El usuario podr\u00e1 configurar su navegador para que notifique y rechace la instalaci\u00f3n de las cookies enviadas por la web, sin que ello perjudique la posibilidad de acceder a los contenidos de dicha web, pero la calidad de funcionamiento de la p\u00e1gina web puede disminuir. Los usos concretos que hacemos de estas tecnolog\u00edas se describen a continuaci\u00f3n.<\/p>\n<h2>2. \u00bfQu\u00e9 tipos de cookies existen?<\/h2>\n<p>Las cookies, en funci\u00f3n de su <strong>Permanencia<\/strong>, pueden dividirse en:<\/p>\n<table border=\"1\" cellspacing=\"0\" cellpadding=\"8\">\n<thead>\n<tr>\n<th>Tipo<\/th>\n<th>Descripci\u00f3n<\/th>\n<\/tr>\n<\/thead>\n<tbody>\n<tr>\n<td><strong>Cookies de sesi\u00f3n<\/strong><\/td>\n<td>Son aquellas dise\u00f1adas para recabar y almacenar datos mientras el usuario accede a una p\u00e1gina web. Se suelen emplear para almacenar informaci\u00f3n que solo interesa conservar para la prestaci\u00f3n del servicio solicitado. Expiran cuando el usuario cierra el navegador.<\/td>\n<\/tr>\n<tr>\n<td><strong>Cookies persistentes<\/strong><\/td>\n<td>Son aquellas en las que los datos siguen almacenados en el terminal y pueden ser accedidos y tratados durante un periodo definido en funci\u00f3n de cuando se cumpla el objetivo para el que sirven (por ejemplo, para que el usuario se mantenga identificado en los Servicios), o bien cuando se borran manualmente.<\/td>\n<\/tr>\n<\/tbody>\n<\/table>\n<p>En funci\u00f3n de su <strong>Propietario<\/strong>, pueden dividirse en:<\/p>\n<table border=\"1\" cellspacing=\"0\" cellpadding=\"8\">\n<thead>\n<tr>\n<th>Tipo<\/th>\n<th>Descripci\u00f3n<\/th>\n<\/tr>\n<\/thead>\n<tbody>\n<tr>\n<td><strong>Cookies propias<\/strong><\/td>\n<td>Son aqu\u00e9llas que se env\u00edan al equipo terminal del usuario desde un equipo o dominio gestionado por el propio editor y desde el que se presta el servicio solicitado por el usuario.<\/td>\n<\/tr>\n<tr>\n<td><strong>Cookies de terceros<\/strong><\/td>\n<td>Son aqu\u00e9llas que se env\u00edan al equipo terminal del usuario desde un equipo o dominio que no es gestionado por el editor, sino por otra entidad que trata los datos obtenidos a trav\u00e9s de las cookies.<\/td>\n<\/tr>\n<\/tbody>\n<\/table>\n<p>Adicionalmente, en funci\u00f3n de su <strong>finalidad<\/strong>, las cookies pueden clasificarse de la siguiente forma:<\/p>\n<table border=\"1\" cellspacing=\"0\" cellpadding=\"8\">\n<thead>\n<tr>\n<th>Tipo<\/th>\n<th>Descripci\u00f3n<\/th>\n<\/tr>\n<\/thead>\n<tbody>\n<tr>\n<td><strong>Cookies t\u00e9cnicas<\/strong><\/td>\n<td>Son aquellas que permiten al usuario la navegaci\u00f3n a trav\u00e9s de una p\u00e1gina web, plataforma o aplicaci\u00f3n y la utilizaci\u00f3n de las diferentes opciones o servicios que en ella existan, incluyendo aquellas que el editor utiliza para permitir la gesti\u00f3n y operativa de la p\u00e1gina web y habilitar sus funciones y servicios como, por ejemplo, identificar la sesi\u00f3n o controlar el tr\u00e1fico y la comunicaci\u00f3n de datos.<\/td>\n<\/tr>\n<tr>\n<td><strong>Cookies de preferencias o personalizaci\u00f3n<\/strong><\/td>\n<td>Este tipo de cookie recuerda sus preferencias para las herramientas que se encuentran en los servicios, por lo que no tiene que volver a configurar el servicio cada vez que usted visita. A modo de ejemplo, en esta tipolog\u00eda se incluyen:<\/p>\n<p><span style=\"font-family: inherit; font-size: inherit;\">&gt;Ajustes de volumen de reproductores de v\u00eddeo o sonido.<\/span><\/p>\n<p>&gt;Las velocidades de transmisi\u00f3n de v\u00eddeo que sean compatibles con su navegador.<\/td>\n<\/tr>\n<tr>\n<td><strong>Cookies de geolocalizaci\u00f3n<\/strong><\/td>\n<td>Estas cookies son utilizadas para averiguar en qu\u00e9 pa\u00eds se encuentra cuando se solicita un servicio. Esta cookie es totalmente an\u00f3nima, y s\u00f3lo se utiliza para ayudar a orientar el contenido a su ubicaci\u00f3n.<\/td>\n<\/tr>\n<tr>\n<td><strong>Cookies de registro<\/strong><\/td>\n<td>Las cookies de registro se generan una vez que el usuario se ha registrado o posteriormente ha abierto su sesi\u00f3n, y se utilizan para identificarle en los servicios con los siguientes objetivos:<\/p>\n<p><span style=\"font-family: inherit; font-size: inherit;\">&gt;Mantener al usuario identificado de forma que, si cierra un servicio, el navegador o el ordenador y en otro momento u otro d\u00eda vuelve a entrar en dicho servicio, seguir\u00e1 identificado, facilitando as\u00ed su navegaci\u00f3n sin tener que volver a identificarse. Esta funcionalidad se puede suprimir si el usuario pulsa la funcionalidad \u00abcerrar sesi\u00f3n\u00bb, de forma que esta cookie se elimina y la pr\u00f3xima vez que entre en el servicio el usuario tendr\u00e1 que iniciar sesi\u00f3n para estar identificado.<\/span><\/p>\n<p>&gt;Comprobar si el usuario est\u00e1 autorizado para acceder a ciertos servicios, por ejemplo, para participar en un concurso.<\/td>\n<\/tr>\n<tr>\n<td><strong>Cookies de an\u00e1lisis o medici\u00f3n<\/strong><\/td>\n<td>Cada vez que un usuario visita un servicio, una herramienta de un proveedor externo genera una cookie anal\u00edtica en el ordenador del usuario. Esta cookie, que s\u00f3lo se genera en la visita, servir\u00e1 en pr\u00f3ximas visitas a los Servicios de la Web para identificar de forma an\u00f3nima al visitante. Los objetivos principales que se persiguen son:<\/p>\n<p><span style=\"font-family: inherit; font-size: inherit;\">&gt;Permitir la identificaci\u00f3n an\u00f3nima de los usuarios navegantes a trav\u00e9s de la cookie (identifica navegadores y dispositivos, no personas) y, por lo tanto, la contabilizaci\u00f3n aproximada del n\u00famero de visitantes y su tendencia en el tiempo.<\/span><\/p>\n<p>&gt;Identificar de forma an\u00f3nima los contenidos m\u00e1s visitados y, por lo tanto, m\u00e1s atractivos para los usuarios.<\/p>\n<p>&gt;Saber si el usuario que est\u00e1 accediendo es nuevo o repite visita.<\/p>\n<p><strong>Importante:<\/strong> salvo que el usuario decida registrarse en un servicio de la Web, la cookie nunca ir\u00e1 asociada a ning\u00fan dato de car\u00e1cter personal que pueda identificarle. Dichas cookies s\u00f3lo ser\u00e1n utilizadas con prop\u00f3sitos estad\u00edsticos que ayuden a la optimizaci\u00f3n de la experiencia de los usuarios en el sitio.<\/td>\n<\/tr>\n<tr>\n<td><strong>Cookies de publicidad comportamental<\/strong><\/td>\n<td>Este tipo de cookies permite ampliar la informaci\u00f3n de los anuncios mostrados a cada usuario an\u00f3nimo en los Servicios de la Web. Entre otros, se almacena la duraci\u00f3n o frecuencia de visualizaci\u00f3n de posiciones publicitarias, la interacci\u00f3n con las mismas, o los patrones de navegaci\u00f3n y\/o comportamientos del usuario, ya que ayudan a conformar un perfil de inter\u00e9s publicitario. De este modo, permiten ofrecer publicidad af\u00edn a los intereses del usuario.<\/td>\n<\/tr>\n<tr>\n<td><strong>Cookies publicitarias de terceros<\/strong><\/td>\n<td>Adem\u00e1s de la publicidad gestionada por la Web en sus Servicios, la Web ofrece a sus anunciantes la opci\u00f3n de servir anuncios a trav\u00e9s de terceros AdServers. De este modo, estos terceros pueden almacenar cookies enviadas desde los Servicios de la Web procedentes de los navegadores de los usuarios, as\u00ed como acceder a los datos que en ellas se guardan.<\/td>\n<\/tr>\n<\/tbody>\n<\/table>\n<h2>3. \u00bfQu\u00e9 cookies utilizamos?<\/h2>\n<p>Las cookies que utilizamos en nuestra p\u00e1gina web son:<\/p>\n<h3>Propias<\/h3>\n<table border=\"1\" cellspacing=\"0\" cellpadding=\"8\">\n<thead>\n<tr>\n<th>Nombre<\/th>\n<th>Tipolog\u00eda<\/th>\n<th>Dominio<\/th>\n<th>Caducidad<\/th>\n<th>Funci\u00f3n<\/th>\n<\/tr>\n<\/thead>\n<tbody>\n<tr>\n<td>de&gt;cookieyes-consent<\/td>\n<td>T\u00e9cnica<\/td>\n<td>mabelcapital.com<\/td>\n<td>365 d\u00edas<\/td>\n<td>Almacena el estado del consentimiento del usuario respecto a las cookies, evitando que el banner se muestre en cada visita.<\/td>\n<\/tr>\n<\/tbody>\n<\/table>\n<h3>De terceros<\/h3>\n<table border=\"1\" cellspacing=\"0\" cellpadding=\"8\">\n<thead>\n<tr>\n<th>Nombre<\/th>\n<th>Tipolog\u00eda<\/th>\n<th>Dominio<\/th>\n<th>Caducidad<\/th>\n<th>Funci\u00f3n<\/th>\n<th>M\u00e1s informaci\u00f3n<\/th>\n<\/tr>\n<\/thead>\n<tbody>\n<tr>\n<td>de&gt;_ga<\/td>\n<td>Anal\u00edtica<\/td>\n<td>mabelcapital.com\u00a0\/ google.com<\/td>\n<td>2 a\u00f1os<\/td>\n<td>Distingue a los usuarios y analiza el tr\u00e1fico del sitio web.<\/td>\n<td><a href=\"https:\/\/policies.google.com\/privacy\" target=\"_blank\" rel=\"noopener\">Google Analytics<\/a><\/td>\n<\/tr>\n<tr>\n<td>de&gt;_gid<\/td>\n<td>Anal\u00edtica<\/td>\n<td>mabelcapital.com\u00a0\/ google.com<\/td>\n<td>24 horas<\/td>\n<td>Distingue a los usuarios y analiza el tr\u00e1fico de forma diaria.<\/td>\n<td><a href=\"https:\/\/policies.google.com\/privacy\" target=\"_blank\" rel=\"noopener\">Google Analytics<\/a><\/td>\n<\/tr>\n<tr>\n<td>de&gt;_gat<\/td>\n<td>Anal\u00edtica<\/td>\n<td>google.com<\/td>\n<td>1 minuto<\/td>\n<td>Limita el porcentaje de solicitudes enviadas a los servidores de Google.<\/td>\n<td><a href=\"https:\/\/policies.google.com\/privacy\" target=\"_blank\" rel=\"noopener\">Google Analytics<\/a><\/td>\n<\/tr>\n<tr>\n<td>de&gt;cf_clearance<\/td>\n<td>T\u00e9cnica<\/td>\n<td>.cloudflare.com<\/td>\n<td>1 a\u00f1o<\/td>\n<td>Prueba de que el usuario ha superado el desaf\u00edo de seguridad anti-bot de Cloudflare Turnstile.<\/td>\n<td><a href=\"https:\/\/www.cloudflare.com\/privacypolicy\/\" target=\"_blank\" rel=\"noopener\">Cloudflare Turnstile<\/a><\/td>\n<\/tr>\n<\/tbody>\n<\/table>\n<h2>4. \u00bfC\u00f3mo deshabilitar las cookies?<\/h2>\n<p>Normalmente es posible dejar de aceptar las cookies del navegador, o dejar de aceptar las cookies de un Servicio en particular. Todos los navegadores modernos permiten cambiar la configuraci\u00f3n de cookies. Estos ajustes normalmente se encuentran en las opciones o preferencias del men\u00fa de su navegador. Asimismo, puede configurar su navegador o su gestor de correo electr\u00f3nico, as\u00ed como instalar complementos gratuitos para evitar que se descarguen los Web Bugs al abrir un email.<\/p>\n<p>La Web ofrece orientaci\u00f3n al usuario sobre los pasos para acceder al men\u00fa de configuraci\u00f3n de las cookies y, en su caso, de la navegaci\u00f3n privada en cada uno de los navegadores principales:<\/p>\n<p><strong>Microsoft Edge \/ Internet Explorer:<\/strong> <a href=\"https:\/\/support.microsoft.com\/es-es\/windows\/eliminar-y-administrar-cookies-168dab11-0753-043d-7c16\" target=\"_blank\" rel=\"noopener\">https:\/\/support.microsoft.com\/es-es\/windows\/eliminar-y-administrar-cookies<\/a><\/p>\n<p><strong>Google Chrome:<\/strong> <a href=\"https:\/\/support.google.com\/accounts\/answer\/61416?hl=es\" target=\"_blank\" rel=\"noopener\">https:\/\/support.google.com\/accounts\/answer\/61416?hl=es<\/a><\/p>\n<p><strong>Mozilla Firefox:<\/strong> <a href=\"https:\/\/support.mozilla.org\/es\/kb\/impedir-que-los-sitios-web-guarden-sus-preferencias\" target=\"_blank\" rel=\"noopener\">https:\/\/support.mozilla.org\/es\/kb\/impedir-que-los-sitios-web-guarden-sus-preferencias<\/a><\/p>\n<p>Asimismo, el usuario puede modificar, configurar y, en su caso, revocar el consentimiento otorgado para la instalaci\u00f3n de las cookies, utilizando el modal ubicado en la totalidad de las pesta\u00f1as de la p\u00e1gina web, y\/o haciendo clic en el siguiente <a href=\"#modal-cookies\">enlace<\/a>.<\/p>\n<h2>5. Transferencias de datos a terceros pa\u00edses.<\/h2>\n<p>La instalaci\u00f3n de cookies descrita en el ep\u00edgrafe 3 de la presente pol\u00edtica de cookies puede conllevar la transferencia de datos a terceros pa\u00edses. En este sentido, las transferencias internacionales de datos suponen un flujo de datos personales desde el territorio espa\u00f1ol a destinatarios establecidos en pa\u00edses fuera del Espacio Econ\u00f3mico Europeo (los pa\u00edses de la Uni\u00f3n Europea m\u00e1s Liechtenstein, Islandia y Noruega).<\/p>\n<p>Por todo lo anterior, las transferencias internacionales de datos que realizamos en nuestra p\u00e1gina web son:<\/p>\n<table border=\"1\" cellspacing=\"0\" cellpadding=\"8\">\n<thead>\n<tr>\n<th>Nombre<\/th>\n<th>Tipolog\u00eda<\/th>\n<th>Entidad<\/th>\n<th>Pa\u00eds<\/th>\n<th>Art\u00edculo RGPD<\/th>\n<th>M\u00e1s informaci\u00f3n<\/th>\n<\/tr>\n<\/thead>\n<tbody>\n<tr>\n<td>de&gt;_ga, de&gt;_gid, de&gt;_gat<\/td>\n<td>Anal\u00edtica<\/td>\n<td>Google LLC<\/td>\n<td>EE. UU.<\/td>\n<td>Decisi\u00f3n de adecuaci\u00f3n (art. 45.1 del RGPD)<\/td>\n<td><a href=\"https:\/\/www.dataprivacyframework.gov\/participant\/5780\" target=\"_blank\" rel=\"noopener\">Acceso a la adhesi\u00f3n de Google LLC al Data Privacy Framework<\/a><\/td>\n<\/tr>\n<tr>\n<td>de&gt;cf_clearance<\/td>\n<td>T\u00e9cnica<\/td>\n<td>Cloudflare, Inc.<\/td>\n<td>EE. UU.<\/td>\n<td>Decisi\u00f3n de adecuaci\u00f3n (art. 45.1 del RGPD)<\/td>\n<td><a href=\"https:\/\/www.dataprivacyframework.gov\/participant\/5666\" target=\"_blank\" rel=\"noopener\">Acceso a la adhesi\u00f3n de Cloudflare, Inc. al Data Privacy Framework<\/a><\/td>\n<\/tr>\n<\/tbody>\n<\/table>\n<p>Puedes informarte de las transferencias a terceros pa\u00edses que, en su caso, realizan los terceros identificados en esta pol\u00edtica de cookies en sus correspondientes pol\u00edticas (enlaces facilitados en el apartado de Cookies de terceros).<\/p>\n<h2>6. Elaboraci\u00f3n de perfiles.<\/h2>\n<p>En cumplimiento del art\u00edculo 13.2.f y 22 del Reglamento UE 2016\/679 del Parlamento Europeo y del Consejo, de 27 de abril de 2016, relativo a la protecci\u00f3n de las personas f\u00edsicas en lo que respecta al tratamiento de datos personales y a la libre circulaci\u00f3n de estos datos (en adelante, RGPD), le informamos que para la elaboraci\u00f3n de perfiles se toman decisiones automatizadas con efectos jur\u00eddicos para el usuario o que le afectan significativamente de modo similar.<\/p>\n<p>En este sentido, y en base a esta elaboraci\u00f3n de perfiles:<\/p>\n<p>&gt;La l\u00f3gica aplicada en dicha elaboraci\u00f3n de perfiles es la consistente en analizar rangos de edad, ocupaci\u00f3n profesional e intereses.<\/p>\n<p>&gt;Para <strong>Family Office, S.L.<\/strong> es importante y esencial el uso debido a que su principal objetivo es analizar el tipo de cliente que est\u00e1 demandando los servicios, para poder dirigir comunicaciones y campa\u00f1as de captaci\u00f3n a este sector de la poblaci\u00f3n.<\/p>\n<p>&gt;Finalmente, y en aras de tener la m\u00e1xima transparencia con usted, las consecuencias previstas por el uso de esta elaboraci\u00f3n de perfiles para usted como usuario son, principalmente, la inclusi\u00f3n en nuestra base de datos y la posible recepci\u00f3n de comunicaciones.<\/p>\n<h2>7. Derechos de los interesados.<\/h2>\n<p>Le recordamos que la normativa de protecci\u00f3n de datos, en los art\u00edculos 15 a 22 del RGPD, permite a los\/as interesados\/as ejercitar los derechos de acceso, rectificaci\u00f3n, supresi\u00f3n (derecho al olvido), oposici\u00f3n, portabilidad, limitaci\u00f3n del tratamiento, y derecho de oposici\u00f3n a las decisiones automatizadas incluyendo la elaboraci\u00f3n de perfiles.<\/p>\n<p>Puede ejercitarlos en nuestra direcci\u00f3n f\u00edsica ubicada en <strong>calle Lagasca, 88, local, 28001, Madrid<\/strong>, as\u00ed como en el correo electr\u00f3nico <a href=\"mailto:ppdd@mabelcapital.com\">ppdd@mabelcapital.com<\/a>.<\/p>\n<p>Puede obtener m\u00e1s informaci\u00f3n en nuestra <a href=\"https:\/\/mabelcapital.com\/es\/politicas-privacidad\/\">pol\u00edtica de privacidad<\/a>.<\/p>\n<h2>8. Plazos de conservaci\u00f3n.<\/h2>\n<p>En cumplimiento del art\u00edculo 13.2.a del RGPD, le informamos que las cookies ser\u00e1n instaladas durante un plazo concreto de tiempo. En este sentido, si el usuario desea consultar los plazos de conservaci\u00f3n y obtener m\u00e1s informaci\u00f3n sobre el presente punto, deber\u00e1 consultar la columna <em>caducidad<\/em> del apartado <a href=\"#cookies-utilizamos\">3. \u00bfQu\u00e9 cookies utilizamos?<\/a><\/p>\n<h2>9. \u00bfSe pueden producir modificaciones de la pol\u00edtica de cookies?<\/h2>\n<p><strong>Family Office, S.L.<\/strong> puede modificar la presente Pol\u00edtica de Cookies en funci\u00f3n de las exigencias legislativas, reglamentarias, o con la finalidad de adaptar dicha pol\u00edtica a las instrucciones dictadas por las autoridades de control europeas y\/o nacionales \u2014en nuestro caso, la Agencia Espa\u00f1ola de Protecci\u00f3n de Datos (AEPD)\u2014, por ello se aconseja a los usuarios que la visiten peri\u00f3dicamente.<\/p>\n<p>Cuando se produzcan cambios significativos en esta Pol\u00edtica de Cookies, se comunicar\u00e1n a los usuarios bien mediante la web o a trav\u00e9s de correo electr\u00f3nico a los usuarios registrados.<\/p>\n<p>Finalmente, podr\u00e1 consultar nuestra <a href=\"https:\/\/mabelcapital.com\/es\/politicas-privacidad\/\">pol\u00edtica de privacidad<\/a> para obtener informaci\u00f3n adicional (art\u00edculo 13 del RGPD) sobre los tratamientos de sus datos personales realizados por Family Office, S.L.<\/p>\n<\/div><\/div><\/div><\/div><\/div><\/div><\/section>\n","protected":false},"excerpt":{"rendered":"Pol\u00edticas de Cookies1. \u00bfQu\u00e9 son las cookies? La p\u00e1gina web cuya propiedad y titularidad es de Family Office, S.L. \u2014en adelante, \u00abla web\u00bb o \u00abel sitio web\u00bb\u2014 utiliza cookies y\/o tecnolog\u00edas similares que almacenan y recuperan informaci\u00f3n cuando navegas. En general, estas tecnolog\u00edas pueden servir para finalidades muy diversas, como, por ejemplo, reconocerte como usuario,...","protected":false},"author":1,"featured_media":0,"parent":0,"menu_order":0,"comment_status":"closed","ping_status":"closed","template":"","meta":{"_acf_changed":false,"footnotes":""},"class_list":["post-9928","page","type-page","status-publish","hentry"],"acf":[],"yoast_head":"<!-- This site is optimized with the Yoast SEO plugin v27.2 - https:\/\/yoast.com\/product\/yoast-seo-wordpress\/ -->\n<title>Pol\u00edticas de Cookies | Mabel Capital<\/title>\n<meta name=\"description\" content=\"C\u00f3mo utilizamos las cookies en Mabel Capital para mejorar tu experiencia de navegaci\u00f3n. Consulta nuestra Pol\u00edtica de cookies.\" \/>\n<meta name=\"robots\" content=\"index, follow, max-snippet:-1, max-image-preview:large, max-video-preview:-1\" \/>\n<link rel=\"canonical\" href=\"https:\/\/mabelcapital.com\/es\/politicas-cookies\/\" \/>\n<meta property=\"og:locale\" content=\"es_ES\" \/>\n<meta property=\"og:type\" content=\"article\" \/>\n<meta property=\"og:title\" content=\"Pol\u00edticas de Cookies | Mabel Capital\" \/>\n<meta property=\"og:description\" content=\"C\u00f3mo utilizamos las cookies en Mabel Capital para mejorar tu experiencia de navegaci\u00f3n. Consulta nuestra Pol\u00edtica de cookies.\" \/>\n<meta property=\"og:url\" content=\"https:\/\/mabelcapital.com\/es\/politicas-cookies\/\" \/>\n<meta property=\"og:site_name\" content=\"Mabel Capital\" \/>\n<meta property=\"article:modified_time\" content=\"2026-04-08T10:09:55+00:00\" \/>\n<meta property=\"og:image\" content=\"https:\/\/mabelcapital.com\/wp-content\/uploads\/2026\/04\/Mabel-Capital-Favicon.png\" \/>\n\t<meta property=\"og:image:width\" content=\"1500\" \/>\n\t<meta property=\"og:image:height\" content=\"1500\" \/>\n\t<meta property=\"og:image:type\" content=\"image\/png\" \/>\n<meta name=\"twitter:card\" content=\"summary_large_image\" \/>\n<meta name=\"twitter:label1\" content=\"Tiempo de lectura\" \/>\n\t<meta name=\"twitter:data1\" content=\"9 minutos\" \/>\n<script type=\"application\/ld+json\" class=\"yoast-schema-graph\">{\"@context\":\"https:\/\/schema.org\",\"@graph\":[{\"@type\":\"WebPage\",\"@id\":\"https:\/\/mabelcapital.com\/es\/politicas-cookies\/\",\"url\":\"https:\/\/mabelcapital.com\/es\/politicas-cookies\/\",\"name\":\"Pol\u00edticas de Cookies | Mabel Capital\",\"isPartOf\":{\"@id\":\"https:\/\/mabelcapital.com\/es\/#website\"},\"datePublished\":\"2026-04-08T09:43:24+00:00\",\"dateModified\":\"2026-04-08T10:09:55+00:00\",\"description\":\"C\u00f3mo utilizamos las cookies en Mabel Capital para mejorar tu experiencia de navegaci\u00f3n. Consulta nuestra Pol\u00edtica de cookies.\",\"breadcrumb\":{\"@id\":\"https:\/\/mabelcapital.com\/es\/politicas-cookies\/#breadcrumb\"},\"inLanguage\":\"es\",\"potentialAction\":[{\"@type\":\"ReadAction\",\"target\":[\"https:\/\/mabelcapital.com\/es\/politicas-cookies\/\"]}]},{\"@type\":\"BreadcrumbList\",\"@id\":\"https:\/\/mabelcapital.com\/es\/politicas-cookies\/#breadcrumb\",\"itemListElement\":[{\"@type\":\"ListItem\",\"position\":1,\"name\":\"Portada\",\"item\":\"https:\/\/mabelcapital.com\/es\/inicio\/\"},{\"@type\":\"ListItem\",\"position\":2,\"name\":\"Pol\u00edticas Cookies\"}]},{\"@type\":\"WebSite\",\"@id\":\"https:\/\/mabelcapital.com\/es\/#website\",\"url\":\"https:\/\/mabelcapital.com\/es\/\",\"name\":\"Mabel Capital\",\"description\":\"\",\"potentialAction\":[{\"@type\":\"SearchAction\",\"target\":{\"@type\":\"EntryPoint\",\"urlTemplate\":\"https:\/\/mabelcapital.com\/es\/?s={search_term_string}\"},\"query-input\":{\"@type\":\"PropertyValueSpecification\",\"valueRequired\":true,\"valueName\":\"search_term_string\"}}],\"inLanguage\":\"es\"}]}<\/script>\n<!-- \/ Yoast SEO plugin. -->","yoast_head_json":{"title":"Pol\u00edticas de Cookies | Mabel Capital","description":"C\u00f3mo utilizamos las cookies en Mabel Capital para mejorar tu experiencia de navegaci\u00f3n. Consulta nuestra Pol\u00edtica de cookies.","robots":{"index":"index","follow":"follow","max-snippet":"max-snippet:-1","max-image-preview":"max-image-preview:large","max-video-preview":"max-video-preview:-1"},"canonical":"https:\/\/mabelcapital.com\/es\/politicas-cookies\/","og_locale":"es_ES","og_type":"article","og_title":"Pol\u00edticas de Cookies | Mabel Capital","og_description":"C\u00f3mo utilizamos las cookies en Mabel Capital para mejorar tu experiencia de navegaci\u00f3n. Consulta nuestra Pol\u00edtica de cookies.","og_url":"https:\/\/mabelcapital.com\/es\/politicas-cookies\/","og_site_name":"Mabel Capital","article_modified_time":"2026-04-08T10:09:55+00:00","og_image":[{"width":1500,"height":1500,"url":"https:\/\/mabelcapital.com\/wp-content\/uploads\/2026\/04\/Mabel-Capital-Favicon.png","type":"image\/png"}],"twitter_card":"summary_large_image","twitter_misc":{"Tiempo de lectura":"9 minutos"},"schema":{"@context":"https:\/\/schema.org","@graph":[{"@type":"WebPage","@id":"https:\/\/mabelcapital.com\/es\/politicas-cookies\/","url":"https:\/\/mabelcapital.com\/es\/politicas-cookies\/","name":"Pol\u00edticas de Cookies | Mabel Capital","isPartOf":{"@id":"https:\/\/mabelcapital.com\/es\/#website"},"datePublished":"2026-04-08T09:43:24+00:00","dateModified":"2026-04-08T10:09:55+00:00","description":"C\u00f3mo utilizamos las cookies en Mabel Capital para mejorar tu experiencia de navegaci\u00f3n. Consulta nuestra Pol\u00edtica de cookies.","breadcrumb":{"@id":"https:\/\/mabelcapital.com\/es\/politicas-cookies\/#breadcrumb"},"inLanguage":"es","potentialAction":[{"@type":"ReadAction","target":["https:\/\/mabelcapital.com\/es\/politicas-cookies\/"]}]},{"@type":"BreadcrumbList","@id":"https:\/\/mabelcapital.com\/es\/politicas-cookies\/#breadcrumb","itemListElement":[{"@type":"ListItem","position":1,"name":"Portada","item":"https:\/\/mabelcapital.com\/es\/inicio\/"},{"@type":"ListItem","position":2,"name":"Pol\u00edticas Cookies"}]},{"@type":"WebSite","@id":"https:\/\/mabelcapital.com\/es\/#website","url":"https:\/\/mabelcapital.com\/es\/","name":"Mabel Capital","description":"","potentialAction":[{"@type":"SearchAction","target":{"@type":"EntryPoint","urlTemplate":"https:\/\/mabelcapital.com\/es\/?s={search_term_string}"},"query-input":{"@type":"PropertyValueSpecification","valueRequired":true,"valueName":"search_term_string"}}],"inLanguage":"es"}]}},"_links":{"self":[{"href":"https:\/\/mabelcapital.com\/es\/wp-json\/wp\/v2\/pages\/9928","targetHints":{"allow":["GET"]}}],"collection":[{"href":"https:\/\/mabelcapital.com\/es\/wp-json\/wp\/v2\/pages"}],"about":[{"href":"https:\/\/mabelcapital.com\/es\/wp-json\/wp\/v2\/types\/page"}],"author":[{"embeddable":true,"href":"https:\/\/mabelcapital.com\/es\/wp-json\/wp\/v2\/users\/1"}],"replies":[{"embeddable":true,"href":"https:\/\/mabelcapital.com\/es\/wp-json\/wp\/v2\/comments?post=9928"}],"version-history":[{"count":4,"href":"https:\/\/mabelcapital.com\/es\/wp-json\/wp\/v2\/pages\/9928\/revisions"}],"predecessor-version":[{"id":9932,"href":"https:\/\/mabelcapital.com\/es\/wp-json\/wp\/v2\/pages\/9928\/revisions\/9932"}],"wp:attachment":[{"href":"https:\/\/mabelcapital.com\/es\/wp-json\/wp\/v2\/media?parent=9928"}],"curies":[{"name":"wp","href":"https:\/\/api.w.org\/{rel}","templated":true}]}}