{"id":9788,"date":"2026-03-23T14:00:05","date_gmt":"2026-03-23T13:00:05","guid":{"rendered":"https:\/\/mabelcapital.com\/manuel-campos-guallar\/"},"modified":"2026-03-31T17:56:09","modified_gmt":"2026-03-31T15:56:09","slug":"manuel-campos-guallar","status":"publish","type":"page","link":"https:\/\/mabelcapital.com\/es\/manuel-campos-guallar\/","title":{"rendered":"Manuel Campos Guallar"},"content":{"rendered":"<section class=\"l-section wpb_row us_custom_b89f5c3a height_auto width_full color_primary\"><div class=\"l-section-overlay\" style=\"background:rgba(0,0,0,0.08)\"><\/div><div class=\"l-section-h i-cf\"><div class=\"g-cols vc_row via_grid cols_1 laptops-cols_inherit tablets-cols_inherit mobiles-cols_1 valign_bottom type_default stacking_default\"><div class=\"wpb_column vc_column_container\"><div class=\"vc_column-inner\"><div class=\"g-cols wpb_row us_custom_a3680416 via_grid cols_1 laptops-cols_inherit tablets-cols_inherit mobiles-cols_1 valign_bottom type_default stacking_default\" style=\"--gap:3rem;\" id=\"titulo\"><div class=\"wpb_column vc_column_container\"><div class=\"vc_column-inner\"><h1 class=\"w-text us_custom_fe7914ee\"><span class=\"w-text-h\"><span class=\"w-text-value\">MANUEL CAMPOS GUALLAR<\/span><\/span><\/h1><div class=\"w-image align_center\"><div class=\"w-image-h\"><img decoding=\"async\" width=\"20\" height=\"11\" src=\"https:\/\/mabelcapital.com\/wp-content\/uploads\/2025\/06\/arrow-right.png\" class=\"attachment-large size-large\" alt=\"\" loading=\"lazy\" \/><\/div><\/div><\/div><\/div><\/div><\/div><\/div><\/div><\/div><\/section><!-- Row Backgrounds --><div class=\"upb_bg_img\" data-ultimate-bg=\"url(https:\/\/mabelcapital.com\/wp-content\/uploads\/2026\/03\/MabelCapital-Manuel-Campos-foto.jpg)\" data-image-id=\"id^9624|url^https:\/\/mabelcapital.com\/wp-content\/uploads\/2026\/03\/MabelCapital-Manuel-Campos-foto.jpg|caption^null|alt^null|title^MabelCapital-Manuel-Campos-foto|description^null\" data-ultimate-bg-style=\"vcpb-default\" data-bg-img-repeat=\"no-repeat\" data-bg-img-size=\"cover\" data-bg-img-position=\"0 -60px 0\" data-parallx_sense=\"30\" data-bg-override=\"0\" data-bg_img_attach=\"scroll\" data-upb-overlay-color=\"\" data-upb-bg-animation=\"\" data-fadeout=\"\" data-bg-animation=\"left-animation\" data-bg-animation-type=\"h\" data-animation-repeat=\"repeat\" data-fadeout-percentage=\"30\" data-parallax-content=\"\" data-parallax-content-sense=\"30\" data-row-effect-mobile-disable=\"true\" data-img-parallax-mobile-disable=\"true\" data-rtl=\"false\"  data-custom-vc-row=\"\"  data-vc=\"7.9\"  data-is_old_vc=\"\"  data-theme-support=\"\"   data-overlay=\"false\" data-overlay-color=\"\" data-overlay-pattern=\"\" data-overlay-pattern-opacity=\"\" data-overlay-pattern-size=\"\"    ><\/div><section class=\"l-section wpb_row height_auto width_full\"><div class=\"l-section-h i-cf\"><div class=\"g-cols vc_row via_grid cols_1 laptops-cols_inherit tablets-cols_inherit mobiles-cols_1 valign_top type_default stacking_default\"><div class=\"wpb_column vc_column_container\"><div class=\"vc_column-inner\"><div class=\"w-separator size_large\"><\/div><div class=\"g-cols wpb_row us_custom_8cf1977e via_grid cols_1 laptops-cols_inherit tablets-cols_inherit mobiles-cols_1 valign_top type_default stacking_default\" style=\"--gap:3rem;\"><div class=\"wpb_column vc_column_container\"><div class=\"vc_column-inner\"><div class=\"wpb_text_column us_custom_492179a4 titulo-h2\"><div class=\"wpb_wrapper\"><h2>Fundador y Presidente<br \/>\nDE MABEL CAPITAL<\/h2>\n<\/div><\/div><div class=\"w-separator size_medium\"><\/div><div class=\"wpb_text_column us_custom_85a2abd5\"><div class=\"wpb_wrapper\"><p>Manuel Campos Guallar es un financiero e inversor espa\u00f1ol, y el Fundador y Presidente de Mabel Capital, una firma de inversi\u00f3n privada con sede en Madrid, activa en los sectores de real estate, hospitality, hoteles y private equity.<\/p>\n<p>Formado en Derecho y Finanzas por el IEB Madrid y con un MBA por The University of Chicago, desarroll\u00f3 una trayectoria internacional en banca de inversi\u00f3n que sent\u00f3 las bases de la disciplina financiera, visi\u00f3n global y esp\u00edritu emprendedor que dieron origen a Mabel Capital, firma que fund\u00f3 en 2013 con el foco puesto en activos excepcionales, proyectos inmobiliarios cuidadosamente concebidos y marcas de hospitality con vocaci\u00f3n de permanencia.<\/p>\n<p>Desde su creaci\u00f3n, Mabel Capital se ha consolidado como un referente en desarrollos inmobiliarios exclusivos en Espa\u00f1a y Portugal. Su estrategia se ha basado de forma constante en seleccionar ubicaciones excepcionales en las que desarrollar proyectos cuidadosamente concebidos, definidos por una propuesta de valor clara y una fuerte identidad. La filosof\u00eda empresarial de Manuel se basa en la calidad por encima de la cantidad: impulsar un n\u00famero muy limitado de proyectos, cada uno distinguido por una calidad sobresaliente, una meticulosa atenci\u00f3n al detalle y un compromiso con un lujo atemporal y discreto.<\/p>\n<p>Junto a su actividad inmobiliaria, Mabel Capital tambi\u00e9n ha construido un nombre reconocido en hospitalidad a trav\u00e9s de Mabel Hospitality. Mediante marcas como TATEL, TOT\u00d3, Casa Salesas y VEGA Private Members Club, el grupo ha consolidado una creciente presencia internacional en Espa\u00f1a, Oriente Medio, Europa y Am\u00e9rica, con la ambici\u00f3n de llevar la gastronom\u00eda y el estilo de vida espa\u00f1ol y mediterr\u00e1neo a una audiencia global.<\/p>\n<p>Durante la \u00faltima d\u00e9cada, Manuel ha liderado el desarrollo de proyectos residenciales de lujo emblem\u00e1ticos y conceptos de hospitalidad con reconocimiento internacional, contribuyendo a posicionar a Mabel Capital como un nombre de referencia en el \u00e1mbito inmobiliario de alto rango, y proyectos de lifestyle. Hoy, su trabajo se define por una combinaci\u00f3n de disciplina financiera, sensibilidad por el dise\u00f1o y una visi\u00f3n de creaci\u00f3n de valor a largo plazo, guiada por el prop\u00f3sito de desarrollar activos y marcas de relevancia duradera.<\/p>\n<\/div><\/div><\/div><\/div><\/div><div class=\"w-separator size_large\"><\/div><\/div><\/div><\/div><\/div><\/section>\n","protected":false},"excerpt":{"rendered":"MANUEL CAMPOS GUALLARFundador y Presidente DE MABEL CAPITAL Manuel Campos Guallar es un financiero e inversor espa\u00f1ol, y el Fundador y Presidente de Mabel Capital, una firma de inversi\u00f3n privada con sede en Madrid, activa en los sectores de real estate, hospitality, hoteles y private equity. Formado en Derecho y Finanzas por el IEB Madrid...","protected":false},"author":1,"featured_media":9790,"parent":0,"menu_order":0,"comment_status":"closed","ping_status":"closed","template":"","meta":{"_acf_changed":false,"footnotes":""},"class_list":["post-9788","page","type-page","status-publish","has-post-thumbnail","hentry"],"acf":[],"yoast_head":"<!-- This site is optimized with the Yoast SEO plugin v27.2 - https:\/\/yoast.com\/product\/yoast-seo-wordpress\/ -->\n<title>Manuel Campos Guallar | Mabel Capital<\/title>\n<meta name=\"description\" content=\"Manuel Campos Guallar es un financiero e inversor cuya trayectoria se ha consolidado en dos \u00e1mbitos principales: la hosteler\u00eda premium y el real estate de alto nivel.\" \/>\n<meta name=\"robots\" content=\"index, follow, max-snippet:-1, max-image-preview:large, max-video-preview:-1\" \/>\n<link rel=\"canonical\" href=\"https:\/\/mabelcapital.com\/es\/manuel-campos-guallar\/\" \/>\n<meta property=\"og:locale\" content=\"es_ES\" \/>\n<meta property=\"og:type\" content=\"article\" \/>\n<meta property=\"og:title\" content=\"Manuel Campos Guallar | Mabel Capital\" \/>\n<meta property=\"og:description\" content=\"Manuel Campos Guallar es un financiero e inversor cuya trayectoria se ha consolidado en dos \u00e1mbitos principales: la hosteler\u00eda premium y el real estate de alto nivel.\" \/>\n<meta property=\"og:url\" content=\"https:\/\/mabelcapital.com\/es\/manuel-campos-guallar\/\" \/>\n<meta property=\"og:site_name\" content=\"Mabel Capital\" \/>\n<meta property=\"article:modified_time\" content=\"2026-03-31T15:56:09+00:00\" \/>\n<meta property=\"og:image\" content=\"https:\/\/mabelcapital.com\/wp-content\/uploads\/2026\/03\/MabelCapital-Manuel-Campos-foto.jpg\" \/>\n\t<meta property=\"og:image:width\" content=\"1920\" \/>\n\t<meta property=\"og:image:height\" content=\"1119\" \/>\n\t<meta property=\"og:image:type\" content=\"image\/jpeg\" \/>\n<meta name=\"twitter:card\" content=\"summary_large_image\" \/>\n<meta name=\"twitter:label1\" content=\"Tiempo de lectura\" \/>\n\t<meta name=\"twitter:data1\" content=\"4 minutos\" \/>\n<script type=\"application\/ld+json\" class=\"yoast-schema-graph\">{\"@context\":\"https:\/\/schema.org\",\"@graph\":[{\"@type\":\"WebPage\",\"@id\":\"https:\/\/mabelcapital.com\/es\/manuel-campos-guallar\/\",\"url\":\"https:\/\/mabelcapital.com\/es\/manuel-campos-guallar\/\",\"name\":\"Manuel Campos Guallar | Mabel Capital\",\"isPartOf\":{\"@id\":\"https:\/\/mabelcapital.com\/es\/#website\"},\"primaryImageOfPage\":{\"@id\":\"https:\/\/mabelcapital.com\/es\/manuel-campos-guallar\/#primaryimage\"},\"image\":{\"@id\":\"https:\/\/mabelcapital.com\/es\/manuel-campos-guallar\/#primaryimage\"},\"thumbnailUrl\":\"https:\/\/mabelcapital.com\/wp-content\/uploads\/2026\/03\/MabelCapital-Manuel-Campos-foto.jpg\",\"datePublished\":\"2026-03-23T13:00:05+00:00\",\"dateModified\":\"2026-03-31T15:56:09+00:00\",\"description\":\"Manuel Campos Guallar es un financiero e inversor cuya trayectoria se ha consolidado en dos \u00e1mbitos principales: la hosteler\u00eda premium y el real estate de alto nivel.\",\"breadcrumb\":{\"@id\":\"https:\/\/mabelcapital.com\/es\/manuel-campos-guallar\/#breadcrumb\"},\"inLanguage\":\"es\",\"potentialAction\":[{\"@type\":\"ReadAction\",\"target\":[\"https:\/\/mabelcapital.com\/es\/manuel-campos-guallar\/\"]}]},{\"@type\":\"ImageObject\",\"inLanguage\":\"es\",\"@id\":\"https:\/\/mabelcapital.com\/es\/manuel-campos-guallar\/#primaryimage\",\"url\":\"https:\/\/mabelcapital.com\/wp-content\/uploads\/2026\/03\/MabelCapital-Manuel-Campos-foto.jpg\",\"contentUrl\":\"https:\/\/mabelcapital.com\/wp-content\/uploads\/2026\/03\/MabelCapital-Manuel-Campos-foto.jpg\",\"width\":1920,\"height\":1119},{\"@type\":\"BreadcrumbList\",\"@id\":\"https:\/\/mabelcapital.com\/es\/manuel-campos-guallar\/#breadcrumb\",\"itemListElement\":[{\"@type\":\"ListItem\",\"position\":1,\"name\":\"Portada\",\"item\":\"https:\/\/mabelcapital.com\/es\/inicio\/\"},{\"@type\":\"ListItem\",\"position\":2,\"name\":\"Manuel Campos Guallar\"}]},{\"@type\":\"WebSite\",\"@id\":\"https:\/\/mabelcapital.com\/es\/#website\",\"url\":\"https:\/\/mabelcapital.com\/es\/\",\"name\":\"Mabel Capital\",\"description\":\"\",\"potentialAction\":[{\"@type\":\"SearchAction\",\"target\":{\"@type\":\"EntryPoint\",\"urlTemplate\":\"https:\/\/mabelcapital.com\/es\/?s={search_term_string}\"},\"query-input\":{\"@type\":\"PropertyValueSpecification\",\"valueRequired\":true,\"valueName\":\"search_term_string\"}}],\"inLanguage\":\"es\"}]}<\/script>\n<!-- \/ Yoast SEO plugin. -->","yoast_head_json":{"title":"Manuel Campos Guallar | Mabel Capital","description":"Manuel Campos Guallar es un financiero e inversor cuya trayectoria se ha consolidado en dos \u00e1mbitos principales: la hosteler\u00eda premium y el real estate de alto nivel.","robots":{"index":"index","follow":"follow","max-snippet":"max-snippet:-1","max-image-preview":"max-image-preview:large","max-video-preview":"max-video-preview:-1"},"canonical":"https:\/\/mabelcapital.com\/es\/manuel-campos-guallar\/","og_locale":"es_ES","og_type":"article","og_title":"Manuel Campos Guallar | Mabel Capital","og_description":"Manuel Campos Guallar es un financiero e inversor cuya trayectoria se ha consolidado en dos \u00e1mbitos principales: la hosteler\u00eda premium y el real estate de alto nivel.","og_url":"https:\/\/mabelcapital.com\/es\/manuel-campos-guallar\/","og_site_name":"Mabel Capital","article_modified_time":"2026-03-31T15:56:09+00:00","og_image":[{"width":1920,"height":1119,"url":"https:\/\/mabelcapital.com\/wp-content\/uploads\/2026\/03\/MabelCapital-Manuel-Campos-foto.jpg","type":"image\/jpeg"}],"twitter_card":"summary_large_image","twitter_misc":{"Tiempo de lectura":"4 minutos"},"schema":{"@context":"https:\/\/schema.org","@graph":[{"@type":"WebPage","@id":"https:\/\/mabelcapital.com\/es\/manuel-campos-guallar\/","url":"https:\/\/mabelcapital.com\/es\/manuel-campos-guallar\/","name":"Manuel Campos Guallar | Mabel Capital","isPartOf":{"@id":"https:\/\/mabelcapital.com\/es\/#website"},"primaryImageOfPage":{"@id":"https:\/\/mabelcapital.com\/es\/manuel-campos-guallar\/#primaryimage"},"image":{"@id":"https:\/\/mabelcapital.com\/es\/manuel-campos-guallar\/#primaryimage"},"thumbnailUrl":"https:\/\/mabelcapital.com\/wp-content\/uploads\/2026\/03\/MabelCapital-Manuel-Campos-foto.jpg","datePublished":"2026-03-23T13:00:05+00:00","dateModified":"2026-03-31T15:56:09+00:00","description":"Manuel Campos Guallar es un financiero e inversor cuya trayectoria se ha consolidado en dos \u00e1mbitos principales: la hosteler\u00eda premium y el real estate de alto nivel.","breadcrumb":{"@id":"https:\/\/mabelcapital.com\/es\/manuel-campos-guallar\/#breadcrumb"},"inLanguage":"es","potentialAction":[{"@type":"ReadAction","target":["https:\/\/mabelcapital.com\/es\/manuel-campos-guallar\/"]}]},{"@type":"ImageObject","inLanguage":"es","@id":"https:\/\/mabelcapital.com\/es\/manuel-campos-guallar\/#primaryimage","url":"https:\/\/mabelcapital.com\/wp-content\/uploads\/2026\/03\/MabelCapital-Manuel-Campos-foto.jpg","contentUrl":"https:\/\/mabelcapital.com\/wp-content\/uploads\/2026\/03\/MabelCapital-Manuel-Campos-foto.jpg","width":1920,"height":1119},{"@type":"BreadcrumbList","@id":"https:\/\/mabelcapital.com\/es\/manuel-campos-guallar\/#breadcrumb","itemListElement":[{"@type":"ListItem","position":1,"name":"Portada","item":"https:\/\/mabelcapital.com\/es\/inicio\/"},{"@type":"ListItem","position":2,"name":"Manuel Campos Guallar"}]},{"@type":"WebSite","@id":"https:\/\/mabelcapital.com\/es\/#website","url":"https:\/\/mabelcapital.com\/es\/","name":"Mabel Capital","description":"","potentialAction":[{"@type":"SearchAction","target":{"@type":"EntryPoint","urlTemplate":"https:\/\/mabelcapital.com\/es\/?s={search_term_string}"},"query-input":{"@type":"PropertyValueSpecification","valueRequired":true,"valueName":"search_term_string"}}],"inLanguage":"es"}]}},"_links":{"self":[{"href":"https:\/\/mabelcapital.com\/es\/wp-json\/wp\/v2\/pages\/9788","targetHints":{"allow":["GET"]}}],"collection":[{"href":"https:\/\/mabelcapital.com\/es\/wp-json\/wp\/v2\/pages"}],"about":[{"href":"https:\/\/mabelcapital.com\/es\/wp-json\/wp\/v2\/types\/page"}],"author":[{"embeddable":true,"href":"https:\/\/mabelcapital.com\/es\/wp-json\/wp\/v2\/users\/1"}],"replies":[{"embeddable":true,"href":"https:\/\/mabelcapital.com\/es\/wp-json\/wp\/v2\/comments?post=9788"}],"version-history":[{"count":7,"href":"https:\/\/mabelcapital.com\/es\/wp-json\/wp\/v2\/pages\/9788\/revisions"}],"predecessor-version":[{"id":9904,"href":"https:\/\/mabelcapital.com\/es\/wp-json\/wp\/v2\/pages\/9788\/revisions\/9904"}],"wp:featuredmedia":[{"embeddable":true,"href":"https:\/\/mabelcapital.com\/es\/wp-json\/wp\/v2\/media\/9790"}],"wp:attachment":[{"href":"https:\/\/mabelcapital.com\/es\/wp-json\/wp\/v2\/media?parent=9788"}],"curies":[{"name":"wp","href":"https:\/\/api.w.org\/{rel}","templated":true}]}}