{"id":9733,"date":"2025-06-16T14:01:13","date_gmt":"2025-06-16T12:01:13","guid":{"rendered":"https:\/\/mabelcapital.com\/contacto\/"},"modified":"2026-03-30T10:58:14","modified_gmt":"2026-03-30T08:58:14","slug":"contacto","status":"publish","type":"page","link":"https:\/\/mabelcapital.com\/es\/contacto\/","title":{"rendered":"Contacto"},"content":{"rendered":"<section class=\"l-section wpb_row height_auto full_height valign_bottom width_full color_primary with_img\"><div class=\"l-section-img\" role=\"img\" data-img-width=\"1920\" data-img-height=\"1076\" style=\"background-image: url(https:\/\/mabelcapital.com\/wp-content\/uploads\/2025\/06\/MabelCapital-Contact-Cabecera.jpg);background-position: bottom center;background-repeat: no-repeat;\"><\/div><div class=\"l-section-overlay\" style=\"background:rgba(0,0,0,0.25)\"><\/div><div class=\"l-section-h i-cf\"><div class=\"g-cols vc_row via_grid cols_1 laptops-cols_inherit tablets-cols_inherit mobiles-cols_1 valign_top type_default stacking_default\"><div class=\"wpb_column vc_column_container\"><div class=\"vc_column-inner\"><div class=\"g-cols wpb_row us_custom_d0446fc2 via_grid cols_1 laptops-cols_inherit tablets-cols_inherit mobiles-cols_1 valign_bottom type_default stacking_default\" style=\"--gap:3rem;\"><div class=\"wpb_column vc_column_container\"><div class=\"vc_column-inner\"><h1 class=\"w-text us_custom_fe7914ee\"><span class=\"w-text-h\"><span class=\"w-text-value\">CONTACTO<\/span><\/span><\/h1><div class=\"w-image align_center\"><div class=\"w-image-h\"><img decoding=\"async\" width=\"20\" height=\"11\" src=\"https:\/\/mabelcapital.com\/wp-content\/uploads\/2025\/06\/arrow-right.png\" class=\"attachment-large size-large\" alt=\"\" loading=\"lazy\" \/><\/div><\/div><\/div><\/div><\/div><\/div><\/div><\/div><\/div><\/section><section class=\"l-section wpb_row height_auto width_full\"><div class=\"l-section-h i-cf\"><div class=\"g-cols vc_row via_grid cols_1 laptops-cols_inherit tablets-cols_inherit mobiles-cols_1 valign_top type_default stacking_default\"><div class=\"wpb_column vc_column_container\"><div class=\"vc_column-inner\"><div class=\"w-separator size_huge\"><\/div><div class=\"wpb_text_column us_custom_29b6f70d\"><div class=\"wpb_wrapper\"><p><a href=\"tel:(+34)%20917%2062%2092%2097\">(+34) 917 62 92 97<\/a><br \/>\n<a href=\"mailto:info@mabelcapital.com\">INFO@MABELCAPITAL.COM<\/a><\/p>\n<\/div><\/div><div class=\"wpb_text_column us_custom_fed6e0c3\"><div class=\"wpb_wrapper\"><p>TUS DATOS<\/p>\n<\/div><\/div><div class=\"w-separator size_custom\" style=\"height:1rem\"><\/div><\/div><\/div><\/div><\/div><\/section><section class=\"l-section wpb_row height_auto width_full\"><div class=\"l-section-h i-cf\"><div class=\"g-cols vc_row via_grid cols_3 laptops-cols_inherit tablets-cols_inherit mobiles-cols_1 valign_top type_default stacking_default\"><div class=\"wpb_column vc_column_container\"><div class=\"vc_column-inner\"><\/div><\/div><div class=\"wpb_column vc_column_container\"><div class=\"vc_column-inner\"><div class=\"w-html\">\n<div class=\"wpcf7 no-js\" id=\"wpcf7-f9879-o1\" lang=\"en-US\" dir=\"ltr\" data-wpcf7-id=\"9879\">\n<div class=\"screen-reader-response\"><p role=\"status\" aria-live=\"polite\" aria-atomic=\"true\"><\/p> <ul><\/ul><\/div>\n<form action=\"\/es\/wp-json\/wp\/v2\/pages\/9733#wpcf7-f9879-o1\" method=\"post\" class=\"wpcf7-form init\" aria-label=\"Contact form\" novalidate=\"novalidate\" data-status=\"init\">\n<fieldset class=\"hidden-fields-container\"><input type=\"hidden\" name=\"_wpcf7\" value=\"9879\" \/><input type=\"hidden\" name=\"_wpcf7_version\" value=\"6.1.5\" \/><input type=\"hidden\" name=\"_wpcf7_locale\" value=\"en_US\" \/><input type=\"hidden\" name=\"_wpcf7_unit_tag\" value=\"wpcf7-f9879-o1\" \/><input type=\"hidden\" name=\"_wpcf7_container_post\" value=\"0\" \/><input type=\"hidden\" name=\"_wpcf7_posted_data_hash\" value=\"\" \/>\n<\/fieldset>\n<p><span class=\"wpcf7-form-control-wrap\" data-name=\"first-name\"><input size=\"40\" maxlength=\"400\" class=\"wpcf7-form-control wpcf7-text wpcf7-validates-as-required\" autocomplete=\"name\" aria-required=\"true\" aria-invalid=\"false\" placeholder=\"FIRST NAME *\" value=\"\" type=\"text\" name=\"first-name\" \/><\/span><br \/>\n<span class=\"wpcf7-form-control-wrap\" data-name=\"last-name\"><input size=\"40\" maxlength=\"400\" class=\"wpcf7-form-control wpcf7-text wpcf7-validates-as-required\" autocomplete=\"name\" aria-required=\"true\" aria-invalid=\"false\" placeholder=\"LAST NAME *\" value=\"\" type=\"text\" name=\"last-name\" \/><\/span><br \/>\n<span class=\"wpcf7-form-control-wrap\" data-name=\"phone-number\"><input size=\"40\" maxlength=\"15\" class=\"wpcf7-form-control wpcf7-tel wpcf7-validates-as-required wpcf7-text wpcf7-validates-as-tel\" aria-required=\"true\" aria-invalid=\"false\" placeholder=\"PHONE NUMBER *\" value=\"\" type=\"tel\" name=\"phone-number\" \/><\/span><br \/>\n<span class=\"wpcf7-form-control-wrap\" data-name=\"email-address\"><input size=\"40\" maxlength=\"400\" class=\"wpcf7-form-control wpcf7-email wpcf7-validates-as-required wpcf7-text wpcf7-validates-as-email\" autocomplete=\"email\" aria-required=\"true\" aria-invalid=\"false\" placeholder=\"EMAIL ADDRESS *\" value=\"\" type=\"email\" name=\"email-address\" \/><\/span><br \/>\n<span class=\"wpcf7-form-control-wrap\" data-name=\"your-company\"><input size=\"40\" maxlength=\"50\" class=\"wpcf7-form-control wpcf7-text\" aria-invalid=\"false\" placeholder=\"YOUR COMPANY (IF APPLICABLE)\" value=\"\" type=\"text\" name=\"your-company\" \/><\/span><br \/>\n<span class=\"wpcf7-form-control-wrap\" data-name=\"your-enquiry\"><textarea cols=\"40\" rows=\"10\" maxlength=\"250\" class=\"wpcf7-form-control wpcf7-textarea wpcf7-validates-as-required\" aria-required=\"true\" aria-invalid=\"false\" placeholder=\"WHAT IS YOUR ENQUIRY? *\" name=\"your-enquiry\"><\/textarea><\/span>\n<\/p>\n<div class=\"wpcf7-turnstile cf-turnstile\" data-sitekey=\"0x4AAAAAACwxxM0-ljuSrsMW\" data-response-field-name=\"_wpcf7_turnstile_response\" data-theme=\"light\" data-language=\"en\"><\/div>\n<p><span class=\"wpcf7-form-control-wrap\" data-name=\"acceptance-393\"><span class=\"wpcf7-form-control wpcf7-acceptance\"><span class=\"wpcf7-list-item\"><label><input type=\"checkbox\" name=\"acceptance-393\" value=\"1\" aria-invalid=\"false\" \/><span class=\"wpcf7-list-item-label\">HE LE\u00cdDO Y ACEPTO LA POL\u00cdTICA DE PRIVACIDAD DE MABEL CAPITAL<\/span><\/label><\/span><\/span><\/span>\n<\/p>\n<div class=\"submit-box\">\n\t<p><input class=\"wpcf7-form-control wpcf7-submit has-spinner\" type=\"submit\" value=\"SUBMIT YOUR ENQUIRY\" \/>\n\t<\/p>\n<\/div><div class=\"wpcf7-response-output\" aria-hidden=\"true\"><\/div>\n<\/form>\n<\/div>\n<\/div><\/div><\/div><div class=\"wpb_column vc_column_container\"><div class=\"vc_column-inner\"><\/div><\/div><\/div><\/div><\/section><section class=\"l-section wpb_row height_auto\"><div class=\"l-section-h i-cf\"><div class=\"g-cols vc_row via_grid cols_1 laptops-cols_inherit tablets-cols_inherit mobiles-cols_1 valign_top type_default stacking_default\"><div class=\"wpb_column vc_column_container\"><div class=\"vc_column-inner\"><div class=\"w-separator size_custom\" style=\"height:8rem\"><\/div><\/div><\/div><\/div><\/div><\/section><section class=\"l-section wpb_row us_custom_1ee747c4 height_auto width_full\"><div class=\"l-section-h i-cf\"><div class=\"g-cols vc_row via_grid cols_2 laptops-cols_inherit tablets-cols_inherit mobiles-cols_1 valign_middle type_default stacking_default\"><div class=\"wpb_column vc_column_container\"><div class=\"vc_column-inner\"><div class=\"w-image us_custom_a1f726d9 align_center\"><div class=\"w-image-h\"><img decoding=\"async\" width=\"100\" height=\"93\" src=\"https:\/\/mabelcapital.com\/wp-content\/uploads\/2025\/06\/MabelCapital-Footer-Logo-100x93.png\" class=\"attachment-us_100_100 size-us_100_100\" alt=\"\" loading=\"lazy\" srcset=\"https:\/\/mabelcapital.com\/wp-content\/uploads\/2025\/06\/MabelCapital-Footer-Logo-100x93.png 100w, https:\/\/mabelcapital.com\/wp-content\/uploads\/2025\/06\/MabelCapital-Footer-Logo.png 161w\" sizes=\"auto, (max-width: 100px) 100vw, 100px\" \/><\/div><\/div><div class=\"w-text us_custom_269336a4\"><a target=\"_blank\" href=\"https:\/\/share.google\/XCKUR8lQ4rg8Ondwe\" class=\"w-text-h\"><span class=\"w-text-value\">Madrid Head Office<\/span><\/a><\/div><div class=\"w-html\"><table>\n<tr style=\"border-top: 1px solid #0c5044;\"><td style=\"font-weight:bold;\">DIRECCI\u00d3N<\/td><td style=\"text-align:right\">Calle Marqu\u00e9s de Villamejor, 3, Madrid, 28006<\/td><\/tr>\n<tr><td style=\"font-weight:bold;\">CONTACTO<\/td><td style=\"text-align:right\"><a href=\"tel:(+34) 917 62 92 97\">(+34) 917 62 92 97<\/a><\/td><\/tr>\n<tr><td style=\"font-weight:bold;\">CORREO ELECTR\u00d3NICO<\/td><td style=\"text-align:right\"><a href=\"mailto:info@mabelcapital.com\">info@mabelcapital.com<\/a><\/td><\/tr>\n<tr style=\"border: 0px;\"><td style=\"font-weight:bold;border-bottom: 1px solid #0c5044;\"><a href=\"https:\/\/maps.app.goo.gl\/iU2o9FKYvJmDAyog8\" target=\"_blank\">VER DIRECCI\u00d3N EN EL MAPA \u2192<\/a><\/td><td style=\"  border-color: transparent;\"><\/td><\/tr>\n<\/table><\/div><\/div><\/div><div class=\"wpb_column vc_column_container\"><div class=\"vc_column-inner\"><div class=\"w-image align_center\"><div class=\"w-image-h\"><img decoding=\"async\" width=\"300\" height=\"168\" src=\"https:\/\/mabelcapital.com\/wp-content\/uploads\/2025\/06\/MabelCapital-background-Home-300x168.jpg\" class=\"attachment-medium size-medium\" alt=\"\" loading=\"lazy\" srcset=\"https:\/\/mabelcapital.com\/wp-content\/uploads\/2025\/06\/MabelCapital-background-Home-300x168.jpg 300w, https:\/\/mabelcapital.com\/wp-content\/uploads\/2025\/06\/MabelCapital-background-Home-1024x574.jpg 1024w, https:\/\/mabelcapital.com\/wp-content\/uploads\/2025\/06\/MabelCapital-background-Home-200x112.jpg 200w, https:\/\/mabelcapital.com\/wp-content\/uploads\/2025\/06\/MabelCapital-background-Home-100x56.jpg 100w, https:\/\/mabelcapital.com\/wp-content\/uploads\/2025\/06\/MabelCapital-background-Home-190x106.jpg 190w, https:\/\/mabelcapital.com\/wp-content\/uploads\/2025\/06\/MabelCapital-background-Home.jpg 1927w\" sizes=\"auto, (max-width: 300px) 100vw, 300px\" \/><\/div><\/div><\/div><\/div><\/div><\/div><\/section>\n","protected":false},"excerpt":{"rendered":"CONTACTO(+34) 917 62 92 97 INFO@MABELCAPITAL.COM TUS DATOS HE LE\u00cdDO Y ACEPTO LA POL\u00cdTICA DE PRIVACIDAD DE MABEL CAPITAL Madrid Head Office DIRECCI\u00d3NCalle Marqu\u00e9s de Villamejor, 3, Madrid, 28006 CONTACTO(+34) 917 62 92 97 CORREO ELECTR\u00d3NICOinfo@mabelcapital.com VER DIRECCI\u00d3N EN EL MAPA \u2192","protected":false},"author":1,"featured_media":9734,"parent":0,"menu_order":0,"comment_status":"closed","ping_status":"closed","template":"","meta":{"_acf_changed":false,"footnotes":""},"class_list":["post-9733","page","type-page","status-publish","has-post-thumbnail","hentry"],"acf":[],"yoast_head":"<!-- This site is optimized with the Yoast SEO plugin v27.2 - https:\/\/yoast.com\/product\/yoast-seo-wordpress\/ -->\n<title>Contacto | Mabel Capital<\/title>\n<meta name=\"description\" content=\"\u00bfQUIERES SABER M\u00c1S? HABLEMOS\" \/>\n<meta name=\"robots\" content=\"index, follow, max-snippet:-1, max-image-preview:large, max-video-preview:-1\" \/>\n<link rel=\"canonical\" href=\"https:\/\/mabelcapital.com\/es\/contacto\/\" \/>\n<meta property=\"og:locale\" content=\"es_ES\" \/>\n<meta property=\"og:type\" content=\"article\" \/>\n<meta property=\"og:title\" content=\"Contacto | Mabel Capital\" \/>\n<meta property=\"og:description\" content=\"\u00bfQUIERES SABER M\u00c1S? HABLEMOS\" \/>\n<meta property=\"og:url\" content=\"https:\/\/mabelcapital.com\/es\/contacto\/\" \/>\n<meta property=\"og:site_name\" content=\"Mabel Capital\" \/>\n<meta property=\"article:modified_time\" content=\"2026-03-30T08:58:14+00:00\" \/>\n<meta property=\"og:image\" content=\"https:\/\/mabelcapital.com\/wp-content\/uploads\/2025\/06\/MabelCapital-Contact-Cabecera.jpg\" \/>\n\t<meta property=\"og:image:width\" content=\"1920\" \/>\n\t<meta property=\"og:image:height\" content=\"1076\" \/>\n\t<meta property=\"og:image:type\" content=\"image\/jpeg\" \/>\n<meta name=\"twitter:card\" content=\"summary_large_image\" \/>\n<meta name=\"twitter:label1\" content=\"Tiempo de lectura\" \/>\n\t<meta name=\"twitter:data1\" content=\"3 minutos\" \/>\n<script type=\"application\/ld+json\" class=\"yoast-schema-graph\">{\"@context\":\"https:\/\/schema.org\",\"@graph\":[{\"@type\":\"WebPage\",\"@id\":\"https:\/\/mabelcapital.com\/es\/contacto\/\",\"url\":\"https:\/\/mabelcapital.com\/es\/contacto\/\",\"name\":\"Contacto | Mabel Capital\",\"isPartOf\":{\"@id\":\"https:\/\/mabelcapital.com\/es\/#website\"},\"primaryImageOfPage\":{\"@id\":\"https:\/\/mabelcapital.com\/es\/contacto\/#primaryimage\"},\"image\":{\"@id\":\"https:\/\/mabelcapital.com\/es\/contacto\/#primaryimage\"},\"thumbnailUrl\":\"https:\/\/mabelcapital.com\/wp-content\/uploads\/2025\/06\/MabelCapital-Contact-Cabecera.jpg\",\"datePublished\":\"2025-06-16T12:01:13+00:00\",\"dateModified\":\"2026-03-30T08:58:14+00:00\",\"description\":\"\u00bfQUIERES SABER M\u00c1S? HABLEMOS\",\"breadcrumb\":{\"@id\":\"https:\/\/mabelcapital.com\/es\/contacto\/#breadcrumb\"},\"inLanguage\":\"es\",\"potentialAction\":[{\"@type\":\"ReadAction\",\"target\":[\"https:\/\/mabelcapital.com\/es\/contacto\/\"]}]},{\"@type\":\"ImageObject\",\"inLanguage\":\"es\",\"@id\":\"https:\/\/mabelcapital.com\/es\/contacto\/#primaryimage\",\"url\":\"https:\/\/mabelcapital.com\/wp-content\/uploads\/2025\/06\/MabelCapital-Contact-Cabecera.jpg\",\"contentUrl\":\"https:\/\/mabelcapital.com\/wp-content\/uploads\/2025\/06\/MabelCapital-Contact-Cabecera.jpg\",\"width\":1920,\"height\":1076},{\"@type\":\"BreadcrumbList\",\"@id\":\"https:\/\/mabelcapital.com\/es\/contacto\/#breadcrumb\",\"itemListElement\":[{\"@type\":\"ListItem\",\"position\":1,\"name\":\"Portada\",\"item\":\"https:\/\/mabelcapital.com\/es\/inicio\/\"},{\"@type\":\"ListItem\",\"position\":2,\"name\":\"Contacto\"}]},{\"@type\":\"WebSite\",\"@id\":\"https:\/\/mabelcapital.com\/es\/#website\",\"url\":\"https:\/\/mabelcapital.com\/es\/\",\"name\":\"Mabel Capital\",\"description\":\"\",\"potentialAction\":[{\"@type\":\"SearchAction\",\"target\":{\"@type\":\"EntryPoint\",\"urlTemplate\":\"https:\/\/mabelcapital.com\/es\/?s={search_term_string}\"},\"query-input\":{\"@type\":\"PropertyValueSpecification\",\"valueRequired\":true,\"valueName\":\"search_term_string\"}}],\"inLanguage\":\"es\"}]}<\/script>\n<!-- \/ Yoast SEO plugin. -->","yoast_head_json":{"title":"Contacto | Mabel Capital","description":"\u00bfQUIERES SABER M\u00c1S? HABLEMOS","robots":{"index":"index","follow":"follow","max-snippet":"max-snippet:-1","max-image-preview":"max-image-preview:large","max-video-preview":"max-video-preview:-1"},"canonical":"https:\/\/mabelcapital.com\/es\/contacto\/","og_locale":"es_ES","og_type":"article","og_title":"Contacto | Mabel Capital","og_description":"\u00bfQUIERES SABER M\u00c1S? HABLEMOS","og_url":"https:\/\/mabelcapital.com\/es\/contacto\/","og_site_name":"Mabel Capital","article_modified_time":"2026-03-30T08:58:14+00:00","og_image":[{"width":1920,"height":1076,"url":"https:\/\/mabelcapital.com\/wp-content\/uploads\/2025\/06\/MabelCapital-Contact-Cabecera.jpg","type":"image\/jpeg"}],"twitter_card":"summary_large_image","twitter_misc":{"Tiempo de lectura":"3 minutos"},"schema":{"@context":"https:\/\/schema.org","@graph":[{"@type":"WebPage","@id":"https:\/\/mabelcapital.com\/es\/contacto\/","url":"https:\/\/mabelcapital.com\/es\/contacto\/","name":"Contacto | Mabel Capital","isPartOf":{"@id":"https:\/\/mabelcapital.com\/es\/#website"},"primaryImageOfPage":{"@id":"https:\/\/mabelcapital.com\/es\/contacto\/#primaryimage"},"image":{"@id":"https:\/\/mabelcapital.com\/es\/contacto\/#primaryimage"},"thumbnailUrl":"https:\/\/mabelcapital.com\/wp-content\/uploads\/2025\/06\/MabelCapital-Contact-Cabecera.jpg","datePublished":"2025-06-16T12:01:13+00:00","dateModified":"2026-03-30T08:58:14+00:00","description":"\u00bfQUIERES SABER M\u00c1S? HABLEMOS","breadcrumb":{"@id":"https:\/\/mabelcapital.com\/es\/contacto\/#breadcrumb"},"inLanguage":"es","potentialAction":[{"@type":"ReadAction","target":["https:\/\/mabelcapital.com\/es\/contacto\/"]}]},{"@type":"ImageObject","inLanguage":"es","@id":"https:\/\/mabelcapital.com\/es\/contacto\/#primaryimage","url":"https:\/\/mabelcapital.com\/wp-content\/uploads\/2025\/06\/MabelCapital-Contact-Cabecera.jpg","contentUrl":"https:\/\/mabelcapital.com\/wp-content\/uploads\/2025\/06\/MabelCapital-Contact-Cabecera.jpg","width":1920,"height":1076},{"@type":"BreadcrumbList","@id":"https:\/\/mabelcapital.com\/es\/contacto\/#breadcrumb","itemListElement":[{"@type":"ListItem","position":1,"name":"Portada","item":"https:\/\/mabelcapital.com\/es\/inicio\/"},{"@type":"ListItem","position":2,"name":"Contacto"}]},{"@type":"WebSite","@id":"https:\/\/mabelcapital.com\/es\/#website","url":"https:\/\/mabelcapital.com\/es\/","name":"Mabel Capital","description":"","potentialAction":[{"@type":"SearchAction","target":{"@type":"EntryPoint","urlTemplate":"https:\/\/mabelcapital.com\/es\/?s={search_term_string}"},"query-input":{"@type":"PropertyValueSpecification","valueRequired":true,"valueName":"search_term_string"}}],"inLanguage":"es"}]}},"_links":{"self":[{"href":"https:\/\/mabelcapital.com\/es\/wp-json\/wp\/v2\/pages\/9733","targetHints":{"allow":["GET"]}}],"collection":[{"href":"https:\/\/mabelcapital.com\/es\/wp-json\/wp\/v2\/pages"}],"about":[{"href":"https:\/\/mabelcapital.com\/es\/wp-json\/wp\/v2\/types\/page"}],"author":[{"embeddable":true,"href":"https:\/\/mabelcapital.com\/es\/wp-json\/wp\/v2\/users\/1"}],"replies":[{"embeddable":true,"href":"https:\/\/mabelcapital.com\/es\/wp-json\/wp\/v2\/comments?post=9733"}],"version-history":[{"count":12,"href":"https:\/\/mabelcapital.com\/es\/wp-json\/wp\/v2\/pages\/9733\/revisions"}],"predecessor-version":[{"id":9878,"href":"https:\/\/mabelcapital.com\/es\/wp-json\/wp\/v2\/pages\/9733\/revisions\/9878"}],"wp:featuredmedia":[{"embeddable":true,"href":"https:\/\/mabelcapital.com\/es\/wp-json\/wp\/v2\/media\/9734"}],"wp:attachment":[{"href":"https:\/\/mabelcapital.com\/es\/wp-json\/wp\/v2\/media?parent=9733"}],"curies":[{"name":"wp","href":"https:\/\/api.w.org\/{rel}","templated":true}]}}